{"id":1965,"date":"2022-02-18T09:14:03","date_gmt":"2022-02-18T09:14:03","guid":{"rendered":"https:\/\/koraledetale.pl\/?post_type=product&#038;p=1965"},"modified":"2024-11-12T10:01:09","modified_gmt":"2024-11-12T10:01:09","slug":"kolczyki-wytrzymalosc-z-kwarcem-dymnym-i-turmalinem","status":"publish","type":"product","link":"https:\/\/koraledetale.pl\/?product=kolczyki-wytrzymalosc-z-kwarcem-dymnym-i-turmalinem","title":{"rendered":"Kolczyki WYTRZYMA\u0141O\u015a\u0106 z kwarcem dymnym i turmalinem"},"content":{"rendered":"<p>Wielko\u015b\u0107 kamieni:<\/p>\n<ul>\n<li>kwarc dymny &#8211; 4,5 mm,<\/li>\n<li>turmalin &#8211; 4 mm,<\/li>\n<li>hematyt &#8211; 3x2mm i 2 mm.<\/li>\n<\/ul>\n<p>D\u0142ugo\u015b\u0107 kolczyk\u00f3w &#8211; 3,2 cm.<\/p>\n","protected":false},"excerpt":{"rendered":"<p>Kolczyki na sztyfcie z kwarcem dymnym, zielonym turmalinem i srebrnym hematytem.<\/p>\n<p>Kolczyki wykonane s\u0105 z nieuczulaj\u0105cej stali chirurgicznej (szlachetnej).<\/p>\n","protected":false},"featured_media":1961,"comment_status":"open","ping_status":"closed","template":"","meta":{"advanced_seo_description":"","jetpack_seo_html_title":"","jetpack_seo_noindex":false},"product_brand":[],"product_cat":[229],"product_tag":[416,759,107,108,63,26,87],"class_list":{"0":"post-1965","1":"product","2":"type-product","3":"status-publish","4":"has-post-thumbnail","6":"product_cat-sprzedane","7":"product_tag-kolczyki-na-sztyfcie","8":"product_tag-kolczyki-z-kwarcem-dymnym-i-turmalinem","9":"product_tag-kolczyki-ze-stali-chirurgicznej","10":"product_tag-kolczyki-ze-stali-szlachetnej","11":"product_tag-kwarc-dymny","12":"product_tag-srebrny-hematyt","13":"product_tag-turmalin","15":"first","16":"outofstock","17":"shipping-taxable","18":"product-type-simple"},"jetpack_sharing_enabled":true,"_links":{"self":[{"href":"https:\/\/koraledetale.pl\/index.php?rest_route=\/wp\/v2\/product\/1965","targetHints":{"allow":["GET"]}}],"collection":[{"href":"https:\/\/koraledetale.pl\/index.php?rest_route=\/wp\/v2\/product"}],"about":[{"href":"https:\/\/koraledetale.pl\/index.php?rest_route=\/wp\/v2\/types\/product"}],"replies":[{"embeddable":true,"href":"https:\/\/koraledetale.pl\/index.php?rest_route=%2Fwp%2Fv2%2Fcomments&post=1965"}],"wp:featuredmedia":[{"embeddable":true,"href":"https:\/\/koraledetale.pl\/index.php?rest_route=\/wp\/v2\/media\/1961"}],"wp:attachment":[{"href":"https:\/\/koraledetale.pl\/index.php?rest_route=%2Fwp%2Fv2%2Fmedia&parent=1965"}],"wp:term":[{"taxonomy":"product_brand","embeddable":true,"href":"https:\/\/koraledetale.pl\/index.php?rest_route=%2Fwp%2Fv2%2Fproduct_brand&post=1965"},{"taxonomy":"product_cat","embeddable":true,"href":"https:\/\/koraledetale.pl\/index.php?rest_route=%2Fwp%2Fv2%2Fproduct_cat&post=1965"},{"taxonomy":"product_tag","embeddable":true,"href":"https:\/\/koraledetale.pl\/index.php?rest_route=%2Fwp%2Fv2%2Fproduct_tag&post=1965"}],"curies":[{"name":"wp","href":"https:\/\/api.w.org\/{rel}","templated":true}]}}