{"id":1943,"date":"2022-02-11T20:35:55","date_gmt":"2022-02-11T20:35:55","guid":{"rendered":"https:\/\/koraledetale.pl\/?post_type=product&#038;p=1943"},"modified":"2024-11-12T09:53:47","modified_gmt":"2024-11-12T09:53:47","slug":"bransoletka-ukojenie-z-turmalinami","status":"publish","type":"product","link":"https:\/\/koraledetale.pl\/?product=bransoletka-ukojenie-z-turmalinami","title":{"rendered":"Bransoletka JASNO\u015a\u0106 z turmalinami"},"content":{"rendered":"<p>Wielko\u015b\u0107 kamieni:<\/p>\n<ul>\n<li>turmalin\u00a0 &#8211; 4 mm,<\/li>\n<li>hematyt &#8211; 2 mm.<\/li>\n<\/ul>\n<p>Wielko\u015b\u0107 zawieszki &#8211; 1,2&#215;1 cm.<\/p>\n<p>D\u0142ugo\u015b\u0107 bransoletki: 15,5 &#8211; 18,5 cm.<\/p>\n","protected":false},"excerpt":{"rendered":"<p>Bransoletka z r\u00f3\u017cowych turmalin\u00f3w z pojedynczym zielonym turmalinem i z\u0142otymi hematytami, zasupe\u0142kowanymi na zielonej, mocnej nici jubilerskiej. Zwie\u0144czeniem bransoletki jest zawieszka &#8211; a\u017curowe serduszko. Wszystkie elementy metalowe wykonane s\u0105 z nieuczulaj\u0105cej stali chirurgicznej (szlachetnej).<\/p>\n","protected":false},"featured_media":1944,"comment_status":"open","ping_status":"closed","template":"","meta":{"advanced_seo_description":"","jetpack_seo_html_title":"","jetpack_seo_noindex":false},"product_brand":[],"product_cat":[229],"product_tag":[133,754,189,59,520,130,72,469,31],"class_list":{"0":"post-1943","1":"product","2":"type-product","3":"status-publish","4":"has-post-thumbnail","6":"product_cat-sprzedane","7":"product_tag-bransoletka-z-kamieni-naturalnych","8":"product_tag-bransoletka-z-sercem","9":"product_tag-bransoletka-z-turmalinami","10":"product_tag-rozowy-turmalin","11":"product_tag-serce","12":"product_tag-supelkowa-bransoletka","13":"product_tag-zawieszka","14":"product_tag-zielony-turmalin","15":"product_tag-zloty-hematyt","17":"first","18":"outofstock","19":"shipping-taxable","20":"product-type-simple"},"jetpack_sharing_enabled":true,"_links":{"self":[{"href":"https:\/\/koraledetale.pl\/index.php?rest_route=\/wp\/v2\/product\/1943","targetHints":{"allow":["GET"]}}],"collection":[{"href":"https:\/\/koraledetale.pl\/index.php?rest_route=\/wp\/v2\/product"}],"about":[{"href":"https:\/\/koraledetale.pl\/index.php?rest_route=\/wp\/v2\/types\/product"}],"replies":[{"embeddable":true,"href":"https:\/\/koraledetale.pl\/index.php?rest_route=%2Fwp%2Fv2%2Fcomments&post=1943"}],"wp:featuredmedia":[{"embeddable":true,"href":"https:\/\/koraledetale.pl\/index.php?rest_route=\/wp\/v2\/media\/1944"}],"wp:attachment":[{"href":"https:\/\/koraledetale.pl\/index.php?rest_route=%2Fwp%2Fv2%2Fmedia&parent=1943"}],"wp:term":[{"taxonomy":"product_brand","embeddable":true,"href":"https:\/\/koraledetale.pl\/index.php?rest_route=%2Fwp%2Fv2%2Fproduct_brand&post=1943"},{"taxonomy":"product_cat","embeddable":true,"href":"https:\/\/koraledetale.pl\/index.php?rest_route=%2Fwp%2Fv2%2Fproduct_cat&post=1943"},{"taxonomy":"product_tag","embeddable":true,"href":"https:\/\/koraledetale.pl\/index.php?rest_route=%2Fwp%2Fv2%2Fproduct_tag&post=1943"}],"curies":[{"name":"wp","href":"https:\/\/api.w.org\/{rel}","templated":true}]}}