{"id":1931,"date":"2022-02-07T21:31:42","date_gmt":"2022-02-07T21:31:42","guid":{"rendered":"https:\/\/koraledetale.pl\/?post_type=product&#038;p=1931"},"modified":"2024-11-12T09:54:11","modified_gmt":"2024-11-12T09:54:11","slug":"bransoletka-motywacja-z-karneolem-i-zielonym-onyksem","status":"publish","type":"product","link":"https:\/\/koraledetale.pl\/?product=bransoletka-motywacja-z-karneolem-i-zielonym-onyksem","title":{"rendered":"Bransoletka MOTYWACJA z karneolem i zielonym onyksem"},"content":{"rendered":"<p>Wielko\u015b\u0107 kamieni:<\/p>\n<ul>\n<li>karneol &#8211; 4&#215;3 mm,<\/li>\n<li>onyks &#8211; 3,5&#215;3 mm,<\/li>\n<li>hematyt &#8211; 2mm.<\/li>\n<\/ul>\n<p>Wielko\u015b\u0107 zawieszki &#8211; 14&#215;10 mm.<\/p>\n<p>D\u0142ugo\u015b\u0107 bransoletki &#8211; 15,5-18,5 cm<\/p>\n","protected":false},"excerpt":{"rendered":"<p>Bransoletka z karneoli zasupe\u0142kowanych wraz z zielonymi onyksami i z\u0142otymi hematytami, na zielonej nitce. Bransoletk\u0119 zdobi zawieszka z symbolem s\u0142o\u0144ca. Wszystkie elementy metalowe wykonane s\u0105 z nieuczulaj\u0105cej stali chirurgicznej (szlachetnej).<\/p>\n","protected":false},"featured_media":1932,"comment_status":"open","ping_status":"closed","template":"","meta":{"advanced_seo_description":"","jetpack_seo_html_title":"","jetpack_seo_noindex":false},"product_brand":[],"product_cat":[229],"product_tag":[749,134,750,751,295,152,31],"class_list":{"0":"post-1931","1":"product","2":"type-product","3":"status-publish","4":"has-post-thumbnail","6":"product_cat-sprzedane","7":"product_tag-bransoletka-z-karneolem","8":"product_tag-bransoletka-z-zawieszka","9":"product_tag-bransoletka-z-zielonym-onyksem","10":"product_tag-karneol","11":"product_tag-supelkowa-bransoletka-z-kamieniami-naturalnymi","12":"product_tag-zielony-onyks","13":"product_tag-zloty-hematyt","15":"first","16":"outofstock","17":"shipping-taxable","18":"product-type-simple"},"jetpack_sharing_enabled":true,"_links":{"self":[{"href":"https:\/\/koraledetale.pl\/index.php?rest_route=\/wp\/v2\/product\/1931","targetHints":{"allow":["GET"]}}],"collection":[{"href":"https:\/\/koraledetale.pl\/index.php?rest_route=\/wp\/v2\/product"}],"about":[{"href":"https:\/\/koraledetale.pl\/index.php?rest_route=\/wp\/v2\/types\/product"}],"replies":[{"embeddable":true,"href":"https:\/\/koraledetale.pl\/index.php?rest_route=%2Fwp%2Fv2%2Fcomments&post=1931"}],"wp:featuredmedia":[{"embeddable":true,"href":"https:\/\/koraledetale.pl\/index.php?rest_route=\/wp\/v2\/media\/1932"}],"wp:attachment":[{"href":"https:\/\/koraledetale.pl\/index.php?rest_route=%2Fwp%2Fv2%2Fmedia&parent=1931"}],"wp:term":[{"taxonomy":"product_brand","embeddable":true,"href":"https:\/\/koraledetale.pl\/index.php?rest_route=%2Fwp%2Fv2%2Fproduct_brand&post=1931"},{"taxonomy":"product_cat","embeddable":true,"href":"https:\/\/koraledetale.pl\/index.php?rest_route=%2Fwp%2Fv2%2Fproduct_cat&post=1931"},{"taxonomy":"product_tag","embeddable":true,"href":"https:\/\/koraledetale.pl\/index.php?rest_route=%2Fwp%2Fv2%2Fproduct_tag&post=1931"}],"curies":[{"name":"wp","href":"https:\/\/api.w.org\/{rel}","templated":true}]}}