{"id":1926,"date":"2022-02-05T11:45:38","date_gmt":"2022-02-05T11:45:38","guid":{"rendered":"https:\/\/koraledetale.pl\/?post_type=product&#038;p=1926"},"modified":"2024-11-12T09:54:42","modified_gmt":"2024-11-12T09:54:42","slug":"bransoletka-walentynka-ze-spinelem","status":"publish","type":"product","link":"https:\/\/koraledetale.pl\/?product=bransoletka-walentynka-ze-spinelem","title":{"rendered":"Bransoletka WALENTYNKA ze spinelem"},"content":{"rendered":"<p>Wielko\u015b\u0107 kamieni:<\/p>\n<ul>\n<li>spinel \u2013 3 mm,<\/li>\n<li>\u00a0hematyt \u2013 3,5\u00d72 mm i 2 mm.<\/li>\n<\/ul>\n<p>Wielko\u015b\u0107 zawieszki \u2013 10\u00d710 mm.<\/p>\n<p>Obw\u00f3d bransoletki \u2013 do 23 cm.<\/p>\n","protected":false},"excerpt":{"rendered":"<p>Bransoletka na czerwonym sznureczku ze spinelem i z\u0142otym hematytem oraz zawieszk\u0105 \u2013 serduszkiem. Bransoletka posiada \u0142atw\u0105 regulacj\u0119 d\u0142ugo\u015bci (poprzez przesuni\u0119cie sznurk\u00f3w przez w\u0119ze\u0142 makramowy), dlatego \u0142atwo dopasujesz j\u0105 do obwodu nadgarstka. Zawieszka wykonana jest z nieuczulaj\u0105cej stali chirurgicznej (szlachetnej).<\/p>\n","protected":false},"featured_media":1922,"comment_status":"open","ping_status":"closed","template":"","meta":{"advanced_seo_description":"","jetpack_seo_html_title":"","jetpack_seo_noindex":false},"product_brand":[],"product_cat":[229],"product_tag":[374,379,747,39,259,31],"class_list":{"0":"post-1926","1":"product","2":"type-product","3":"status-publish","4":"has-post-thumbnail","6":"product_cat-sprzedane","7":"product_tag-bransoletka-na-czerwonej-nitce","8":"product_tag-bransoletka-na-sznureczku","9":"product_tag-bransoletka-ze-spinelami","10":"product_tag-spinel","11":"product_tag-zawieszka-serce","12":"product_tag-zloty-hematyt","14":"first","15":"outofstock","16":"shipping-taxable","17":"product-type-simple"},"jetpack_sharing_enabled":true,"_links":{"self":[{"href":"https:\/\/koraledetale.pl\/index.php?rest_route=\/wp\/v2\/product\/1926","targetHints":{"allow":["GET"]}}],"collection":[{"href":"https:\/\/koraledetale.pl\/index.php?rest_route=\/wp\/v2\/product"}],"about":[{"href":"https:\/\/koraledetale.pl\/index.php?rest_route=\/wp\/v2\/types\/product"}],"replies":[{"embeddable":true,"href":"https:\/\/koraledetale.pl\/index.php?rest_route=%2Fwp%2Fv2%2Fcomments&post=1926"}],"wp:featuredmedia":[{"embeddable":true,"href":"https:\/\/koraledetale.pl\/index.php?rest_route=\/wp\/v2\/media\/1922"}],"wp:attachment":[{"href":"https:\/\/koraledetale.pl\/index.php?rest_route=%2Fwp%2Fv2%2Fmedia&parent=1926"}],"wp:term":[{"taxonomy":"product_brand","embeddable":true,"href":"https:\/\/koraledetale.pl\/index.php?rest_route=%2Fwp%2Fv2%2Fproduct_brand&post=1926"},{"taxonomy":"product_cat","embeddable":true,"href":"https:\/\/koraledetale.pl\/index.php?rest_route=%2Fwp%2Fv2%2Fproduct_cat&post=1926"},{"taxonomy":"product_tag","embeddable":true,"href":"https:\/\/koraledetale.pl\/index.php?rest_route=%2Fwp%2Fv2%2Fproduct_tag&post=1926"}],"curies":[{"name":"wp","href":"https:\/\/api.w.org\/{rel}","templated":true}]}}