{"id":1906,"date":"2022-01-31T09:26:24","date_gmt":"2022-01-31T09:26:24","guid":{"rendered":"https:\/\/koraledetale.pl\/?post_type=product&#038;p=1906"},"modified":"2024-11-12T09:55:32","modified_gmt":"2024-11-12T09:55:32","slug":"bransoletka-wiernosc-z-zielonymi-kamieniami","status":"publish","type":"product","link":"https:\/\/koraledetale.pl\/?product=bransoletka-wiernosc-z-zielonymi-kamieniami","title":{"rendered":"Bransoletka WIERNO\u015a\u0106 z zielonymi kamieniami"},"content":{"rendered":"<p>Wielko\u015b\u0107 kamieni:<\/p>\n<ul>\n<li>agat- 3,5&#215;2,5 mm,<\/li>\n<li>fluoryt &#8211; 3 mm,<\/li>\n<li>amazonit &#8211; 3 mm,<\/li>\n<li>chryzopraz &#8211; 2,5 mm,<\/li>\n<li>awenturyn -8&#215;4,5 mm,<\/li>\n<li>zielony onyks &#8211; 6&#215;5,5&#215;2 mm,<\/li>\n<li>zielony hematyt &#8211; 3&#215;2 mm,<\/li>\n<li>z\u0142oty hematyt &#8211; 3,5&#215;2 mm, 2&#215;1 mm i 2 mm.<\/li>\n<\/ul>\n<p>D\u0142ugo\u015b\u0107 bransoletki: 17-20 cm.<\/p>\n","protected":false},"excerpt":{"rendered":"<p>Bransoletka z zielonymi kamieniami: amazonitem, agatem, fluorytem, chryzoprazem, zielonym i z\u0142otym hematytem, z zawieszkami przy zapi\u0119ciu &#8211; listkiem, awenturynem i \u0142ezk\u0105 zielonego onyksu przy przed\u0142u\u017cce. Wszystkie elementy metalowe wykonane s\u0105 z nieuczulaj\u0105cej stali chirurgicznej (szlachetnej).<\/p>\n","protected":false},"featured_media":1908,"comment_status":"open","ping_status":"closed","template":"","meta":{"advanced_seo_description":"","jetpack_seo_html_title":"","jetpack_seo_noindex":false},"product_brand":[],"product_cat":[229],"product_tag":[127,53,743,503,742,119,24,67,152],"class_list":{"0":"post-1906","1":"product","2":"type-product","3":"status-publish","4":"has-post-thumbnail","6":"product_cat-sprzedane","7":"product_tag-agat","8":"product_tag-amazonit","9":"product_tag-awenruryn","10":"product_tag-bransoletka-z-zawieszkami","11":"product_tag-bransoletka-z-zielonymi-kamieniami","12":"product_tag-chryzopraz","13":"product_tag-fluoryt","14":"product_tag-hematyt","15":"product_tag-zielony-onyks","17":"first","18":"outofstock","19":"shipping-taxable","20":"product-type-simple"},"jetpack_sharing_enabled":true,"_links":{"self":[{"href":"https:\/\/koraledetale.pl\/index.php?rest_route=\/wp\/v2\/product\/1906","targetHints":{"allow":["GET"]}}],"collection":[{"href":"https:\/\/koraledetale.pl\/index.php?rest_route=\/wp\/v2\/product"}],"about":[{"href":"https:\/\/koraledetale.pl\/index.php?rest_route=\/wp\/v2\/types\/product"}],"replies":[{"embeddable":true,"href":"https:\/\/koraledetale.pl\/index.php?rest_route=%2Fwp%2Fv2%2Fcomments&post=1906"}],"wp:featuredmedia":[{"embeddable":true,"href":"https:\/\/koraledetale.pl\/index.php?rest_route=\/wp\/v2\/media\/1908"}],"wp:attachment":[{"href":"https:\/\/koraledetale.pl\/index.php?rest_route=%2Fwp%2Fv2%2Fmedia&parent=1906"}],"wp:term":[{"taxonomy":"product_brand","embeddable":true,"href":"https:\/\/koraledetale.pl\/index.php?rest_route=%2Fwp%2Fv2%2Fproduct_brand&post=1906"},{"taxonomy":"product_cat","embeddable":true,"href":"https:\/\/koraledetale.pl\/index.php?rest_route=%2Fwp%2Fv2%2Fproduct_cat&post=1906"},{"taxonomy":"product_tag","embeddable":true,"href":"https:\/\/koraledetale.pl\/index.php?rest_route=%2Fwp%2Fv2%2Fproduct_tag&post=1906"}],"curies":[{"name":"wp","href":"https:\/\/api.w.org\/{rel}","templated":true}]}}