{"id":1897,"date":"2022-01-26T08:21:30","date_gmt":"2022-01-26T08:21:30","guid":{"rendered":"https:\/\/koraledetale.pl\/?post_type=product&#038;p=1897"},"modified":"2024-11-12T09:56:11","modified_gmt":"2024-11-12T09:56:11","slug":"naszyjnik-niewinnosc-z-perlami","status":"publish","type":"product","link":"https:\/\/koraledetale.pl\/?product=naszyjnik-niewinnosc-z-perlami","title":{"rendered":"Naszyjnik NIEWINNO\u015a\u0106 z per\u0142ami"},"content":{"rendered":"<p>Wielko\u015b\u0107 kamieni:<\/p>\n<ul>\n<li>szara per\u0142a \u2013 4,5\u00d74 cm,<\/li>\n<li>bia\u0142a per\u0142a \u2013 6,6x4cm i 19x14x7 mm,<\/li>\n<li>hematyt \u2013 2 mm, 2\u00d71 mm i 3,5&#215;2 mm..<\/li>\n<\/ul>\n<p>D\u0142ugo\u015b\u0107 naszyjnika \u2013 84 cm + zawieszka 4 cm.<\/p>\n","protected":false},"excerpt":{"rendered":"<p>D\u0142ugi, supe\u0142kowy naszyjnik z szarych pere\u0142, z wplecionymi z\u0142otymi hematytami i pojedyncz\u0105, bia\u0142\u0105 per\u0142\u0105. Naszyjnik zwie\u0144czony jest zawieszk\u0105 z du\u017cej, nieregularnej per\u0142y.<\/p>\n<p>Wszystkie elementy metalowe wykonane s\u0105 z nieuczulaj\u0105cej stali chirurgicznej (szlachetnej).<\/p>\n","protected":false},"featured_media":1892,"comment_status":"open","ping_status":"closed","template":"","meta":{"advanced_seo_description":"","jetpack_seo_html_title":"","jetpack_seo_noindex":false},"product_brand":[],"product_cat":[229],"product_tag":[408,110,57,61,739,31],"class_list":{"0":"post-1897","1":"product","2":"type-product","3":"status-publish","4":"has-post-thumbnail","6":"product_cat-sprzedane","7":"product_tag-dlugi-naszyjnik-z-perlami","8":"product_tag-naszyjnik-z-perel","9":"product_tag-perla","10":"product_tag-szara-perla","11":"product_tag-sznur-perel","12":"product_tag-zloty-hematyt","14":"first","15":"outofstock","16":"shipping-taxable","17":"product-type-simple"},"jetpack_sharing_enabled":true,"_links":{"self":[{"href":"https:\/\/koraledetale.pl\/index.php?rest_route=\/wp\/v2\/product\/1897","targetHints":{"allow":["GET"]}}],"collection":[{"href":"https:\/\/koraledetale.pl\/index.php?rest_route=\/wp\/v2\/product"}],"about":[{"href":"https:\/\/koraledetale.pl\/index.php?rest_route=\/wp\/v2\/types\/product"}],"replies":[{"embeddable":true,"href":"https:\/\/koraledetale.pl\/index.php?rest_route=%2Fwp%2Fv2%2Fcomments&post=1897"}],"wp:featuredmedia":[{"embeddable":true,"href":"https:\/\/koraledetale.pl\/index.php?rest_route=\/wp\/v2\/media\/1892"}],"wp:attachment":[{"href":"https:\/\/koraledetale.pl\/index.php?rest_route=%2Fwp%2Fv2%2Fmedia&parent=1897"}],"wp:term":[{"taxonomy":"product_brand","embeddable":true,"href":"https:\/\/koraledetale.pl\/index.php?rest_route=%2Fwp%2Fv2%2Fproduct_brand&post=1897"},{"taxonomy":"product_cat","embeddable":true,"href":"https:\/\/koraledetale.pl\/index.php?rest_route=%2Fwp%2Fv2%2Fproduct_cat&post=1897"},{"taxonomy":"product_tag","embeddable":true,"href":"https:\/\/koraledetale.pl\/index.php?rest_route=%2Fwp%2Fv2%2Fproduct_tag&post=1897"}],"curies":[{"name":"wp","href":"https:\/\/api.w.org\/{rel}","templated":true}]}}