{"id":1882,"date":"2022-01-23T10:53:20","date_gmt":"2022-01-23T10:53:20","guid":{"rendered":"https:\/\/koraledetale.pl\/?post_type=product&#038;p=1882"},"modified":"2024-11-12T09:56:58","modified_gmt":"2024-11-12T09:56:58","slug":"bransoletka-szczescie-z-moneta","status":"publish","type":"product","link":"https:\/\/koraledetale.pl\/?product=bransoletka-szczescie-z-moneta","title":{"rendered":"Bransoletka SZCZ\u0118\u015aCIE z monet\u0105"},"content":{"rendered":"<p>\u015arednica zawieszek:<\/p>\n<ul>\n<li>moneta \u2013 12 mm ,<\/li>\n<li>blaszka \u2013 8 mm.<\/li>\n<\/ul>\n<p>D\u0142ugo\u015b\u0107 bransoletki: 17-20 cm.<\/p>\n","protected":false},"excerpt":{"rendered":"<p>Bransoletka z \u0142a\u0144cucha o du\u017cych oczkach z nieuczulaj\u0105cej stali chirurgicznej (szlachetnej) z zawieszkami \u2013 monet\u0105, okr\u0105g\u0142\u0105 blaszk\u0105 i czerwon\u0105 nitk\u0105 dla ochrony i szcz\u0119\u015bcia.<\/p>\n","protected":false},"featured_media":1879,"comment_status":"open","ping_status":"closed","template":"","meta":{"advanced_seo_description":"","jetpack_seo_html_title":"","jetpack_seo_noindex":false},"product_brand":[],"product_cat":[229],"product_tag":[727,731,606,69],"class_list":{"0":"post-1882","1":"product","2":"type-product","3":"status-publish","4":"has-post-thumbnail","6":"product_cat-sprzedane","7":"product_tag-bransoletka-z-moneta","8":"product_tag-bransoletka-lancuch","9":"product_tag-czerwona-nitka","10":"product_tag-moneta","12":"first","13":"outofstock","14":"shipping-taxable","15":"product-type-simple"},"jetpack_sharing_enabled":true,"_links":{"self":[{"href":"https:\/\/koraledetale.pl\/index.php?rest_route=\/wp\/v2\/product\/1882","targetHints":{"allow":["GET"]}}],"collection":[{"href":"https:\/\/koraledetale.pl\/index.php?rest_route=\/wp\/v2\/product"}],"about":[{"href":"https:\/\/koraledetale.pl\/index.php?rest_route=\/wp\/v2\/types\/product"}],"replies":[{"embeddable":true,"href":"https:\/\/koraledetale.pl\/index.php?rest_route=%2Fwp%2Fv2%2Fcomments&post=1882"}],"wp:featuredmedia":[{"embeddable":true,"href":"https:\/\/koraledetale.pl\/index.php?rest_route=\/wp\/v2\/media\/1879"}],"wp:attachment":[{"href":"https:\/\/koraledetale.pl\/index.php?rest_route=%2Fwp%2Fv2%2Fmedia&parent=1882"}],"wp:term":[{"taxonomy":"product_brand","embeddable":true,"href":"https:\/\/koraledetale.pl\/index.php?rest_route=%2Fwp%2Fv2%2Fproduct_brand&post=1882"},{"taxonomy":"product_cat","embeddable":true,"href":"https:\/\/koraledetale.pl\/index.php?rest_route=%2Fwp%2Fv2%2Fproduct_cat&post=1882"},{"taxonomy":"product_tag","embeddable":true,"href":"https:\/\/koraledetale.pl\/index.php?rest_route=%2Fwp%2Fv2%2Fproduct_tag&post=1882"}],"curies":[{"name":"wp","href":"https:\/\/api.w.org\/{rel}","templated":true}]}}