{"id":1868,"date":"2022-01-22T11:41:43","date_gmt":"2022-01-22T11:41:43","guid":{"rendered":"https:\/\/koraledetale.pl\/?post_type=product&#038;p=1868"},"modified":"2024-11-12T09:57:27","modified_gmt":"2024-11-12T09:57:27","slug":"bransoletka-sukces-z-cytrynem-i-moneta","status":"publish","type":"product","link":"https:\/\/koraledetale.pl\/?product=bransoletka-sukces-z-cytrynem-i-moneta","title":{"rendered":"Bransoletka SUKCES z cytrynem i monet\u0105"},"content":{"rendered":"<p>Wielko\u015b\u0107 zawieszek:<\/p>\n<ul>\n<li>cytryn \u2013 11&#215;6 mm,<\/li>\n<li>luna &#8211; 8&#215;10 mm,<\/li>\n<li>blaszka &#8211; 8&#215;8 mm,<\/li>\n<li>moneta z k\u00f3\u0142kiem &#8211; 16&#215;16 mm.<\/li>\n<\/ul>\n<p>Bransoletk\u0119 zapniesz w dowolnym miejscu \u0142a\u0144cucha, maksymalnie na d\u0142ugo\u015bci 21 cm.<\/p>\n","protected":false},"excerpt":{"rendered":"<p>Bransoletka z \u0142a\u0144cucha o du\u017cych oczkach z nieuczulaj\u0105cej stali chirurgicznej (szlachetnej) w kolorze z\u0142ota i srebra,\u00a0 z zawieszkami \u2013 jedostronn\u0105 monet\u0105, lun\u0105, okr\u0105g\u0142\u0105 blaszk\u0105 i \u0142ezk\u0105 cytrynu w srebrnej oprawie.<\/p>\n","protected":false},"featured_media":1872,"comment_status":"open","ping_status":"closed","template":"","meta":{"advanced_seo_description":"","jetpack_seo_html_title":"","jetpack_seo_noindex":false},"product_brand":[],"product_cat":[229],"product_tag":[732,192,727,731,193,501,687],"class_list":{"0":"post-1868","1":"product","2":"type-product","3":"status-publish","4":"has-post-thumbnail","6":"product_cat-sprzedane","7":"product_tag-blaszka","8":"product_tag-bransoletka-z-cytrynem","9":"product_tag-bransoletka-z-moneta","10":"product_tag-bransoletka-lancuch","11":"product_tag-cytryn","12":"product_tag-ksiezyc","13":"product_tag-luna","15":"first","16":"outofstock","17":"shipping-taxable","18":"product-type-simple"},"jetpack_sharing_enabled":true,"_links":{"self":[{"href":"https:\/\/koraledetale.pl\/index.php?rest_route=\/wp\/v2\/product\/1868","targetHints":{"allow":["GET"]}}],"collection":[{"href":"https:\/\/koraledetale.pl\/index.php?rest_route=\/wp\/v2\/product"}],"about":[{"href":"https:\/\/koraledetale.pl\/index.php?rest_route=\/wp\/v2\/types\/product"}],"replies":[{"embeddable":true,"href":"https:\/\/koraledetale.pl\/index.php?rest_route=%2Fwp%2Fv2%2Fcomments&post=1868"}],"wp:featuredmedia":[{"embeddable":true,"href":"https:\/\/koraledetale.pl\/index.php?rest_route=\/wp\/v2\/media\/1872"}],"wp:attachment":[{"href":"https:\/\/koraledetale.pl\/index.php?rest_route=%2Fwp%2Fv2%2Fmedia&parent=1868"}],"wp:term":[{"taxonomy":"product_brand","embeddable":true,"href":"https:\/\/koraledetale.pl\/index.php?rest_route=%2Fwp%2Fv2%2Fproduct_brand&post=1868"},{"taxonomy":"product_cat","embeddable":true,"href":"https:\/\/koraledetale.pl\/index.php?rest_route=%2Fwp%2Fv2%2Fproduct_cat&post=1868"},{"taxonomy":"product_tag","embeddable":true,"href":"https:\/\/koraledetale.pl\/index.php?rest_route=%2Fwp%2Fv2%2Fproduct_tag&post=1868"}],"curies":[{"name":"wp","href":"https:\/\/api.w.org\/{rel}","templated":true}]}}