{"id":1854,"date":"2022-01-20T11:51:03","date_gmt":"2022-01-20T11:51:03","guid":{"rendered":"https:\/\/koraledetale.pl\/?post_type=product&#038;p=1854"},"modified":"2024-11-11T21:00:29","modified_gmt":"2024-11-11T21:00:29","slug":"bransoletka-ochrona-z-szafirem-i-lapis-lazuri","status":"publish","type":"product","link":"https:\/\/koraledetale.pl\/?product=bransoletka-ochrona-z-szafirem-i-lapis-lazuri","title":{"rendered":"Bransoletka OCHRONA z szafirem i lapis lazuri"},"content":{"rendered":"<p>Wielko\u015b\u0107 kamieni:<\/p>\n<ul>\n<li>szafir \u2013 9x7x4 mm,<\/li>\n<li>lapis lazuri \u2013 3\u00d72,5 mm,<\/li>\n<li>hematyt \u2013 2 mm.<\/li>\n<\/ul>\n<p>\u015arednica monety &#8211; 17 mm.<\/p>\n<p>D\u0142ugo\u015b\u0107 bransoletki &#8211; 18 cm.<\/p>\n","protected":false},"excerpt":{"rendered":"<p>Bransoletka z \u0142a\u0144cucha o du\u017cych oczkach, z zawieszkami \u2013 dwustronn\u0105 monet\u0105, \u0142ezk\u0105 szafiru, lapis lazuri i czerwon\u0105 nitk\u0105 dla ochrony i szcz\u0119\u015bcia.<\/p>\n<p>Wszystkie elementy metalowe wykonane s\u0105 z nieuczulaj\u0105cej stali chirurgicznej (szlachetnej).<\/p>\n","protected":false},"featured_media":1855,"comment_status":"open","ping_status":"closed","template":"","meta":{"advanced_seo_description":"","jetpack_seo_html_title":"","jetpack_seo_noindex":false},"product_brand":[],"product_cat":[229],"product_tag":[727,726,606,81,25,104],"class_list":{"0":"post-1854","1":"product","2":"type-product","3":"status-publish","4":"has-post-thumbnail","6":"product_cat-sprzedane","7":"product_tag-bransoletka-z-moneta","8":"product_tag-bransoletka-z-szafirem","9":"product_tag-czerwona-nitka","10":"product_tag-lapis-lazuri","11":"product_tag-szafir","12":"product_tag-lancuch","14":"first","15":"outofstock","16":"shipping-taxable","17":"product-type-simple"},"jetpack_sharing_enabled":true,"_links":{"self":[{"href":"https:\/\/koraledetale.pl\/index.php?rest_route=\/wp\/v2\/product\/1854","targetHints":{"allow":["GET"]}}],"collection":[{"href":"https:\/\/koraledetale.pl\/index.php?rest_route=\/wp\/v2\/product"}],"about":[{"href":"https:\/\/koraledetale.pl\/index.php?rest_route=\/wp\/v2\/types\/product"}],"replies":[{"embeddable":true,"href":"https:\/\/koraledetale.pl\/index.php?rest_route=%2Fwp%2Fv2%2Fcomments&post=1854"}],"wp:featuredmedia":[{"embeddable":true,"href":"https:\/\/koraledetale.pl\/index.php?rest_route=\/wp\/v2\/media\/1855"}],"wp:attachment":[{"href":"https:\/\/koraledetale.pl\/index.php?rest_route=%2Fwp%2Fv2%2Fmedia&parent=1854"}],"wp:term":[{"taxonomy":"product_brand","embeddable":true,"href":"https:\/\/koraledetale.pl\/index.php?rest_route=%2Fwp%2Fv2%2Fproduct_brand&post=1854"},{"taxonomy":"product_cat","embeddable":true,"href":"https:\/\/koraledetale.pl\/index.php?rest_route=%2Fwp%2Fv2%2Fproduct_cat&post=1854"},{"taxonomy":"product_tag","embeddable":true,"href":"https:\/\/koraledetale.pl\/index.php?rest_route=%2Fwp%2Fv2%2Fproduct_tag&post=1854"}],"curies":[{"name":"wp","href":"https:\/\/api.w.org\/{rel}","templated":true}]}}