{"id":1844,"date":"2022-01-15T18:33:51","date_gmt":"2022-01-15T18:33:51","guid":{"rendered":"https:\/\/koraledetale.pl\/?post_type=product&#038;p=1844"},"modified":"2024-11-11T21:00:41","modified_gmt":"2024-11-11T21:00:41","slug":"1844","status":"publish","type":"product","link":"https:\/\/koraledetale.pl\/?product=1844","title":{"rendered":"Naszyjnik OCHRONA z lapis lazuri i szafirem"},"content":{"rendered":"<p>Wielko\u015b\u0107 kamieni:<\/p>\n<ul>\n<li>lapis lazuri &#8211; 3&#215;2,5 mm,<\/li>\n<li>szafir &#8211; 9x7x4 mm,<\/li>\n<li>hematyt &#8211; 2 mm.<\/li>\n<\/ul>\n<p>D\u0142ugo\u015b\u0107 naszyjnika: 84cm + zawieszki: z monet\u0105 2 cm i z szafirem 1,3 cm.<\/p>\n","protected":false},"excerpt":{"rendered":"<p>Naszyjnik sk\u0142adaj\u0105cy si\u0119 ze sznura lapis lazuri i z\u0142otych hematyt\u00f3w, po\u0142\u0105czonego z \u0142a\u0144cuchem o du\u017cych oczkach, z zawieszkami &#8211; dwustronn\u0105 monet\u0105, hams\u0105, g\u0142adk\u0105, okr\u0105g\u0142\u0105 blaszk\u0105 i \u0142ezk\u0105 szafiru przy zapi\u0119ciu. Kamienie zasupe\u0142kowane s\u0105, na kontrastuj\u0105cej z ich kolorem, mocnej, czerwonej nici jubilerskiej, kt\u00f3ra r\u00f3wnie\u017c przewieszona jest przy monecie. Czerwona nitka jest dla ochrony i szcz\u0119\u015bcia. Naszyjnik mo\u017cesz nosi\u0107 jako d\u0142ugi lub owin\u0105\u0107 go dwa razy wok\u00f3\u0142 szyi.<\/p>\n<p>Wszystkie elementy metalowe wykonane s\u0105 z nieuczulaj\u0105cej stali chirurgicznej (szlachetnej).<\/p>\n","protected":false},"featured_media":1849,"comment_status":"open","ping_status":"closed","template":"","meta":{"advanced_seo_description":"","jetpack_seo_html_title":"","jetpack_seo_noindex":false},"product_brand":[],"product_cat":[229],"product_tag":[],"class_list":{"0":"post-1844","1":"product","2":"type-product","3":"status-publish","4":"has-post-thumbnail","6":"product_cat-sprzedane","8":"first","9":"outofstock","10":"shipping-taxable","11":"product-type-simple"},"jetpack_sharing_enabled":true,"_links":{"self":[{"href":"https:\/\/koraledetale.pl\/index.php?rest_route=\/wp\/v2\/product\/1844","targetHints":{"allow":["GET"]}}],"collection":[{"href":"https:\/\/koraledetale.pl\/index.php?rest_route=\/wp\/v2\/product"}],"about":[{"href":"https:\/\/koraledetale.pl\/index.php?rest_route=\/wp\/v2\/types\/product"}],"replies":[{"embeddable":true,"href":"https:\/\/koraledetale.pl\/index.php?rest_route=%2Fwp%2Fv2%2Fcomments&post=1844"}],"wp:featuredmedia":[{"embeddable":true,"href":"https:\/\/koraledetale.pl\/index.php?rest_route=\/wp\/v2\/media\/1849"}],"wp:attachment":[{"href":"https:\/\/koraledetale.pl\/index.php?rest_route=%2Fwp%2Fv2%2Fmedia&parent=1844"}],"wp:term":[{"taxonomy":"product_brand","embeddable":true,"href":"https:\/\/koraledetale.pl\/index.php?rest_route=%2Fwp%2Fv2%2Fproduct_brand&post=1844"},{"taxonomy":"product_cat","embeddable":true,"href":"https:\/\/koraledetale.pl\/index.php?rest_route=%2Fwp%2Fv2%2Fproduct_cat&post=1844"},{"taxonomy":"product_tag","embeddable":true,"href":"https:\/\/koraledetale.pl\/index.php?rest_route=%2Fwp%2Fv2%2Fproduct_tag&post=1844"}],"curies":[{"name":"wp","href":"https:\/\/api.w.org\/{rel}","templated":true}]}}