{"id":1806,"date":"2022-01-10T08:03:33","date_gmt":"2022-01-10T08:03:33","guid":{"rendered":"https:\/\/koraledetale.pl\/?post_type=product&#038;p=1806"},"modified":"2024-11-11T21:02:24","modified_gmt":"2024-11-11T21:02:24","slug":"naszyjnik-optymizm-z-iolitami-i-rubinem","status":"publish","type":"product","link":"https:\/\/koraledetale.pl\/?product=naszyjnik-optymizm-z-iolitami-i-rubinem","title":{"rendered":"Naszyjnik OPTYMIZM z iolitami i rubinem"},"content":{"rendered":"<p>Wielko\u015b\u0107 kamieni:<\/p>\n<ul>\n<li>iolit &#8211; 4&#215;1-2 mm<\/li>\n<li>rubin \u2013 7\u00d74,5 mm i 3 mm,<\/li>\n<li>hematyt \u2013 3\u00d71 mm.<\/li>\n<\/ul>\n<p>D\u0142ugo\u015b\u0107 naszyjnika: 40-45 cm + zawieszka 1,1 cm.<\/p>\n","protected":false},"excerpt":{"rendered":"<p>Naszyjnik z ciosanych iolit\u00f3w zasupe\u0142kowanych na mocnej nici jubilerskiej wraz ze z\u0142otymi hematytami. Zwie\u0144czeniem naszyjnika jest zawieszka z fasetowanej oponki rubinu.<\/p>\n<p>Wszystkie elementy metalowe wykonane s\u0105 z nieuczulaj\u0105cej stali chirurgicznej (szlachetnej).<\/p>\n","protected":false},"featured_media":1813,"comment_status":"open","ping_status":"closed","template":"","meta":{"advanced_seo_description":"","jetpack_seo_html_title":"","jetpack_seo_noindex":false},"product_brand":[],"product_cat":[229],"product_tag":[23,718,117,719,31],"class_list":{"0":"post-1806","1":"product","2":"type-product","3":"status-publish","4":"has-post-thumbnail","6":"product_cat-sprzedane","7":"product_tag-iolit","8":"product_tag-naszyjnik-z-iloirami-i-rubinem","9":"product_tag-rubin","10":"product_tag-supelkowy-choker-z-kamieniami-naturalnymi","11":"product_tag-zloty-hematyt","13":"first","14":"outofstock","15":"shipping-taxable","16":"product-type-simple"},"jetpack_sharing_enabled":true,"_links":{"self":[{"href":"https:\/\/koraledetale.pl\/index.php?rest_route=\/wp\/v2\/product\/1806","targetHints":{"allow":["GET"]}}],"collection":[{"href":"https:\/\/koraledetale.pl\/index.php?rest_route=\/wp\/v2\/product"}],"about":[{"href":"https:\/\/koraledetale.pl\/index.php?rest_route=\/wp\/v2\/types\/product"}],"replies":[{"embeddable":true,"href":"https:\/\/koraledetale.pl\/index.php?rest_route=%2Fwp%2Fv2%2Fcomments&post=1806"}],"wp:featuredmedia":[{"embeddable":true,"href":"https:\/\/koraledetale.pl\/index.php?rest_route=\/wp\/v2\/media\/1813"}],"wp:attachment":[{"href":"https:\/\/koraledetale.pl\/index.php?rest_route=%2Fwp%2Fv2%2Fmedia&parent=1806"}],"wp:term":[{"taxonomy":"product_brand","embeddable":true,"href":"https:\/\/koraledetale.pl\/index.php?rest_route=%2Fwp%2Fv2%2Fproduct_brand&post=1806"},{"taxonomy":"product_cat","embeddable":true,"href":"https:\/\/koraledetale.pl\/index.php?rest_route=%2Fwp%2Fv2%2Fproduct_cat&post=1806"},{"taxonomy":"product_tag","embeddable":true,"href":"https:\/\/koraledetale.pl\/index.php?rest_route=%2Fwp%2Fv2%2Fproduct_tag&post=1806"}],"curies":[{"name":"wp","href":"https:\/\/api.w.org\/{rel}","templated":true}]}}