{"id":1790,"date":"2022-01-09T14:10:10","date_gmt":"2022-01-09T14:10:10","guid":{"rendered":"https:\/\/koraledetale.pl\/?post_type=product&#038;p=1790"},"modified":"2024-11-11T21:03:05","modified_gmt":"2024-11-11T21:03:05","slug":"bransoletka-madrosc-z-turkusami-i-chryzokola","status":"publish","type":"product","link":"https:\/\/koraledetale.pl\/?product=bransoletka-madrosc-z-turkusami-i-chryzokola","title":{"rendered":"Bransoletka M\u0104DRO\u015a\u0106 z turkusami i chryzokol\u0105"},"content":{"rendered":"<p>Wielko\u015b\u0107 kamieni:<\/p>\n<ul>\n<li>lapis lazuri \u2013 4\u00d72 mm,<\/li>\n<li>chryzokola \u2013 6,5&#215;6,5&#215;7 mm,<\/li>\n<li>hematyt \u2013 3\u00d71 mm i 2 mm.<\/li>\n<\/ul>\n<p>D\u0142ugo\u015b\u0107 bransoletki: 16,5 \u2013 19 cm.<\/p>\n","protected":false},"excerpt":{"rendered":"<p>Delikatna bransoletka z drobnych wa\u0142eczk\u00f3w jasnego turkusu, przeplatanych srebrnymi hematytami, z bry\u0142k\u0105 chryzokoli w centrum. Dzi\u0119ki przed\u0142u\u017cce bransoletk\u0119 \u0142atwo dopasujesz do obwodu swojego nadgarstka. Wszystkie elementy metalowe wykonane s\u0105 z nieuczulaj\u0105cej stali chirurgicznej (szlachetnej).<\/p>\n","protected":false},"featured_media":1800,"comment_status":"open","ping_status":"closed","template":"","meta":{"advanced_seo_description":"","jetpack_seo_html_title":"","jetpack_seo_noindex":false},"product_brand":[],"product_cat":[229],"product_tag":[716,120,26,105],"class_list":{"0":"post-1790","1":"product","2":"type-product","3":"status-publish","4":"has-post-thumbnail","6":"product_cat-sprzedane","7":"product_tag-bransoletka-z-turkusami-i-chryzokola","8":"product_tag-chryzokola","9":"product_tag-srebrny-hematyt","10":"product_tag-turkus","12":"first","13":"outofstock","14":"shipping-taxable","15":"product-type-simple"},"jetpack_sharing_enabled":true,"_links":{"self":[{"href":"https:\/\/koraledetale.pl\/index.php?rest_route=\/wp\/v2\/product\/1790","targetHints":{"allow":["GET"]}}],"collection":[{"href":"https:\/\/koraledetale.pl\/index.php?rest_route=\/wp\/v2\/product"}],"about":[{"href":"https:\/\/koraledetale.pl\/index.php?rest_route=\/wp\/v2\/types\/product"}],"replies":[{"embeddable":true,"href":"https:\/\/koraledetale.pl\/index.php?rest_route=%2Fwp%2Fv2%2Fcomments&post=1790"}],"wp:featuredmedia":[{"embeddable":true,"href":"https:\/\/koraledetale.pl\/index.php?rest_route=\/wp\/v2\/media\/1800"}],"wp:attachment":[{"href":"https:\/\/koraledetale.pl\/index.php?rest_route=%2Fwp%2Fv2%2Fmedia&parent=1790"}],"wp:term":[{"taxonomy":"product_brand","embeddable":true,"href":"https:\/\/koraledetale.pl\/index.php?rest_route=%2Fwp%2Fv2%2Fproduct_brand&post=1790"},{"taxonomy":"product_cat","embeddable":true,"href":"https:\/\/koraledetale.pl\/index.php?rest_route=%2Fwp%2Fv2%2Fproduct_cat&post=1790"},{"taxonomy":"product_tag","embeddable":true,"href":"https:\/\/koraledetale.pl\/index.php?rest_route=%2Fwp%2Fv2%2Fproduct_tag&post=1790"}],"curies":[{"name":"wp","href":"https:\/\/api.w.org\/{rel}","templated":true}]}}