{"id":1784,"date":"2022-01-08T16:28:24","date_gmt":"2022-01-08T16:28:24","guid":{"rendered":"https:\/\/koraledetale.pl\/?post_type=product&#038;p=1784"},"modified":"2024-11-11T21:03:17","modified_gmt":"2024-11-11T21:03:17","slug":"naszyjnik-wyciszenie-z-lapis-lazuri-i-fluorytem","status":"publish","type":"product","link":"https:\/\/koraledetale.pl\/?product=naszyjnik-wyciszenie-z-lapis-lazuri-i-fluorytem","title":{"rendered":"Naszyjnik WYCISZENIE z lapis lazuri i fluorytem"},"content":{"rendered":"<p>Wielko\u015b\u0107 kamieni:<\/p>\n<ul>\n<li>lapis lazuri \u2013 4\u00d72 mm,<\/li>\n<li>fluoryt \u2013 4\u00d74 mm,<\/li>\n<li>hematyt \u2013 3\u00d71 mm i 2 mm.<\/li>\n<\/ul>\n<p>D\u0142ugo\u015b\u0107 naszyjnika: 44 \u2013 49 cm + zawieszka 2,6 cm.<\/p>\n","protected":false},"excerpt":{"rendered":"<p>Delikatny naszyjnik &#8211; \u0142a\u0144cuszek z drobnymi wa\u0142eczkami lapis lazuri, przeplatanymi z\u0142otymi hematytami, z zawieszk\u0105 z kosteczki fluorytu i wa\u0142eczka lapis lazuri. Wszystkie elementy metalowe wykonane s\u0105 z nieuczulaj\u0105cej stali chirurgicznej (szlachetnej).<\/p>\n","protected":false},"featured_media":1788,"comment_status":"open","ping_status":"closed","template":"","meta":{"advanced_seo_description":"","jetpack_seo_html_title":"","jetpack_seo_noindex":false},"product_brand":[],"product_cat":[229],"product_tag":[715,81,31,197,714],"class_list":{"0":"post-1784","1":"product","2":"type-product","3":"status-publish","4":"has-post-thumbnail","6":"product_cat-sprzedane","7":"product_tag-fluoruyt","8":"product_tag-lapis-lazuri","9":"product_tag-zloty-hematyt","10":"product_tag-lancuszek-z-kamieniami-naturalnymi","11":"product_tag-lancuszek-z-lapis-lazuri","13":"first","14":"outofstock","15":"shipping-taxable","16":"product-type-simple"},"jetpack_sharing_enabled":true,"_links":{"self":[{"href":"https:\/\/koraledetale.pl\/index.php?rest_route=\/wp\/v2\/product\/1784","targetHints":{"allow":["GET"]}}],"collection":[{"href":"https:\/\/koraledetale.pl\/index.php?rest_route=\/wp\/v2\/product"}],"about":[{"href":"https:\/\/koraledetale.pl\/index.php?rest_route=\/wp\/v2\/types\/product"}],"replies":[{"embeddable":true,"href":"https:\/\/koraledetale.pl\/index.php?rest_route=%2Fwp%2Fv2%2Fcomments&post=1784"}],"wp:featuredmedia":[{"embeddable":true,"href":"https:\/\/koraledetale.pl\/index.php?rest_route=\/wp\/v2\/media\/1788"}],"wp:attachment":[{"href":"https:\/\/koraledetale.pl\/index.php?rest_route=%2Fwp%2Fv2%2Fmedia&parent=1784"}],"wp:term":[{"taxonomy":"product_brand","embeddable":true,"href":"https:\/\/koraledetale.pl\/index.php?rest_route=%2Fwp%2Fv2%2Fproduct_brand&post=1784"},{"taxonomy":"product_cat","embeddable":true,"href":"https:\/\/koraledetale.pl\/index.php?rest_route=%2Fwp%2Fv2%2Fproduct_cat&post=1784"},{"taxonomy":"product_tag","embeddable":true,"href":"https:\/\/koraledetale.pl\/index.php?rest_route=%2Fwp%2Fv2%2Fproduct_tag&post=1784"}],"curies":[{"name":"wp","href":"https:\/\/api.w.org\/{rel}","templated":true}]}}