{"id":1781,"date":"2022-01-07T14:32:17","date_gmt":"2022-01-07T14:32:17","guid":{"rendered":"https:\/\/koraledetale.pl\/?post_type=product&#038;p=1781"},"modified":"2024-11-11T21:03:27","modified_gmt":"2024-11-11T21:03:27","slug":"bransoletka-wyciszenie-z-lapis-lazuri-i-fluorytem","status":"publish","type":"product","link":"https:\/\/koraledetale.pl\/?product=bransoletka-wyciszenie-z-lapis-lazuri-i-fluorytem","title":{"rendered":"Bransoletka WYCISZENIE z lapis lazuri i fluorytem"},"content":{"rendered":"<p>Wielko\u015b\u0107 kamieni:<\/p>\n<ul>\n<li>lapis lazuri &#8211; 4&#215;2 mm,<\/li>\n<li>fluoryt &#8211; 4&#215;4 mm,<\/li>\n<li>hematyt &#8211; 3&#215;1 mm i 2 mm.<\/li>\n<\/ul>\n<p>D\u0142ugo\u015b\u0107 bransoletki: 16,3 &#8211; 19 cm.<\/p>\n","protected":false},"excerpt":{"rendered":"<p>Delikatna bransoletka z drobnych wa\u0142eczk\u00f3w lapis lazuri, przeplatanych z\u0142otymi hematytami, z kosteczk\u0105 fluorytu w centrum. Dzi\u0119ki przed\u0142u\u017cce bransoletk\u0119 \u0142atwo dopasujesz do obwodu swojego nadgarstka. Wszystkie elementy metalowe wykonane s\u0105 z nieuczulaj\u0105cej stali chirurgicznej (szlachetnej).<\/p>\n","protected":false},"featured_media":1783,"comment_status":"open","ping_status":"closed","template":"","meta":{"advanced_seo_description":"","jetpack_seo_html_title":"","jetpack_seo_noindex":false},"product_brand":[],"product_cat":[229],"product_tag":[80,298,24,81,31],"class_list":{"0":"post-1781","1":"product","2":"type-product","3":"status-publish","4":"has-post-thumbnail","6":"product_cat-sprzedane","7":"product_tag-bransoletka-z-kamieniami-naturalnymi","8":"product_tag-bransoletka-z-lapis-lazuri","9":"product_tag-fluoryt","10":"product_tag-lapis-lazuri","11":"product_tag-zloty-hematyt","13":"first","14":"outofstock","15":"shipping-taxable","16":"product-type-simple"},"jetpack_sharing_enabled":true,"_links":{"self":[{"href":"https:\/\/koraledetale.pl\/index.php?rest_route=\/wp\/v2\/product\/1781","targetHints":{"allow":["GET"]}}],"collection":[{"href":"https:\/\/koraledetale.pl\/index.php?rest_route=\/wp\/v2\/product"}],"about":[{"href":"https:\/\/koraledetale.pl\/index.php?rest_route=\/wp\/v2\/types\/product"}],"replies":[{"embeddable":true,"href":"https:\/\/koraledetale.pl\/index.php?rest_route=%2Fwp%2Fv2%2Fcomments&post=1781"}],"wp:featuredmedia":[{"embeddable":true,"href":"https:\/\/koraledetale.pl\/index.php?rest_route=\/wp\/v2\/media\/1783"}],"wp:attachment":[{"href":"https:\/\/koraledetale.pl\/index.php?rest_route=%2Fwp%2Fv2%2Fmedia&parent=1781"}],"wp:term":[{"taxonomy":"product_brand","embeddable":true,"href":"https:\/\/koraledetale.pl\/index.php?rest_route=%2Fwp%2Fv2%2Fproduct_brand&post=1781"},{"taxonomy":"product_cat","embeddable":true,"href":"https:\/\/koraledetale.pl\/index.php?rest_route=%2Fwp%2Fv2%2Fproduct_cat&post=1781"},{"taxonomy":"product_tag","embeddable":true,"href":"https:\/\/koraledetale.pl\/index.php?rest_route=%2Fwp%2Fv2%2Fproduct_tag&post=1781"}],"curies":[{"name":"wp","href":"https:\/\/api.w.org\/{rel}","templated":true}]}}