{"id":1773,"date":"2022-01-06T11:53:02","date_gmt":"2022-01-06T11:53:02","guid":{"rendered":"https:\/\/koraledetale.pl\/?post_type=product&#038;p=1773"},"modified":"2024-11-11T21:03:39","modified_gmt":"2024-11-11T21:03:39","slug":"kolczyki-jasnosc-z-turkusem","status":"publish","type":"product","link":"https:\/\/koraledetale.pl\/?product=kolczyki-jasnosc-z-turkusem","title":{"rendered":"Kolczyki JASNO\u015a\u0106 z turkusem"},"content":{"rendered":"<p>D\u0142ugo\u015b\u0107 kolczyk\u00f3w &#8211; 3,7 cm.<\/p>\n<p>&nbsp;<\/p>\n","protected":false},"excerpt":{"rendered":"<p>Minimalistyczne kolczyki z nieuczulaj\u0105cej stali chirurgicznej (szlachetnej) z turkusami i srebrnymi hematytami.<\/p>\n","protected":false},"featured_media":1775,"comment_status":"open","ping_status":"closed","template":"","meta":{"advanced_seo_description":"","jetpack_seo_html_title":"","jetpack_seo_noindex":false},"product_brand":[],"product_cat":[229],"product_tag":[712,107,108,713,26,105],"class_list":{"0":"post-1773","1":"product","2":"type-product","3":"status-publish","4":"has-post-thumbnail","6":"product_cat-sprzedane","7":"product_tag-kolczyki-z-turkusem","8":"product_tag-kolczyki-ze-stali-chirurgicznej","9":"product_tag-kolczyki-ze-stali-szlachetnej","10":"product_tag-minimalistyczne-kolczyki-z-kamieniami-naturalnymi","11":"product_tag-srebrny-hematyt","12":"product_tag-turkus","14":"first","15":"outofstock","16":"shipping-taxable","17":"product-type-simple"},"jetpack_sharing_enabled":true,"_links":{"self":[{"href":"https:\/\/koraledetale.pl\/index.php?rest_route=\/wp\/v2\/product\/1773","targetHints":{"allow":["GET"]}}],"collection":[{"href":"https:\/\/koraledetale.pl\/index.php?rest_route=\/wp\/v2\/product"}],"about":[{"href":"https:\/\/koraledetale.pl\/index.php?rest_route=\/wp\/v2\/types\/product"}],"replies":[{"embeddable":true,"href":"https:\/\/koraledetale.pl\/index.php?rest_route=%2Fwp%2Fv2%2Fcomments&post=1773"}],"wp:featuredmedia":[{"embeddable":true,"href":"https:\/\/koraledetale.pl\/index.php?rest_route=\/wp\/v2\/media\/1775"}],"wp:attachment":[{"href":"https:\/\/koraledetale.pl\/index.php?rest_route=%2Fwp%2Fv2%2Fmedia&parent=1773"}],"wp:term":[{"taxonomy":"product_brand","embeddable":true,"href":"https:\/\/koraledetale.pl\/index.php?rest_route=%2Fwp%2Fv2%2Fproduct_brand&post=1773"},{"taxonomy":"product_cat","embeddable":true,"href":"https:\/\/koraledetale.pl\/index.php?rest_route=%2Fwp%2Fv2%2Fproduct_cat&post=1773"},{"taxonomy":"product_tag","embeddable":true,"href":"https:\/\/koraledetale.pl\/index.php?rest_route=%2Fwp%2Fv2%2Fproduct_tag&post=1773"}],"curies":[{"name":"wp","href":"https:\/\/api.w.org\/{rel}","templated":true}]}}