{"id":1766,"date":"2022-01-03T11:20:29","date_gmt":"2022-01-03T11:20:29","guid":{"rendered":"https:\/\/koraledetale.pl\/?post_type=product&#038;p=1766"},"modified":"2024-11-11T21:04:06","modified_gmt":"2024-11-11T21:04:06","slug":"lancuszek-regeneracja-z-kianitem-i-granatem","status":"publish","type":"product","link":"https:\/\/koraledetale.pl\/?product=lancuszek-regeneracja-z-kianitem-i-granatem","title":{"rendered":"\u0141a\u0144cuszek REGENERACJA z kianitem i granatem"},"content":{"rendered":"<p>Wielko\u015b\u0107 kamieni:<\/p>\n<ul>\n<li>kianit \u2013 9\u00d76 mm,<\/li>\n<li>granat \u2013 7&#215;5 mm.<\/li>\n<li>Obw\u00f3d naszyjnika: 44-49 cm + cze\u015b\u0107 wisz\u0105ca 6 cm.<\/li>\n<\/ul>\n","protected":false},"excerpt":{"rendered":"<p>\u0141a\u0144cuszek z nieuczulaj\u0105cej stali chirurgicznej (szlachetnej) z kolorowymi kamieniami: kianitem i granatem.<\/p>\n","protected":false},"featured_media":1762,"comment_status":"open","ping_status":"closed","template":"","meta":{"advanced_seo_description":"","jetpack_seo_html_title":"","jetpack_seo_noindex":false},"product_brand":[],"product_cat":[229],"product_tag":[71,323,246,247,197,706,683],"class_list":{"0":"post-1766","1":"product","2":"type-product","3":"status-publish","4":"has-post-thumbnail","6":"product_cat-sprzedane","7":"product_tag-granat","8":"product_tag-kianit","9":"product_tag-krotki-lancuszek-ze-stali-chirurgicznej","10":"product_tag-krotki-lancuszek-ze-stali-szlachetnej","11":"product_tag-lancuszek-z-kamieniami-naturalnymi","12":"product_tag-lancuszek-z-kianitem-i-granatem","13":"product_tag-lancuszek-z-kolorowymi-kamieniami","15":"first","16":"outofstock","17":"shipping-taxable","18":"product-type-simple"},"jetpack_sharing_enabled":true,"_links":{"self":[{"href":"https:\/\/koraledetale.pl\/index.php?rest_route=\/wp\/v2\/product\/1766","targetHints":{"allow":["GET"]}}],"collection":[{"href":"https:\/\/koraledetale.pl\/index.php?rest_route=\/wp\/v2\/product"}],"about":[{"href":"https:\/\/koraledetale.pl\/index.php?rest_route=\/wp\/v2\/types\/product"}],"replies":[{"embeddable":true,"href":"https:\/\/koraledetale.pl\/index.php?rest_route=%2Fwp%2Fv2%2Fcomments&post=1766"}],"wp:featuredmedia":[{"embeddable":true,"href":"https:\/\/koraledetale.pl\/index.php?rest_route=\/wp\/v2\/media\/1762"}],"wp:attachment":[{"href":"https:\/\/koraledetale.pl\/index.php?rest_route=%2Fwp%2Fv2%2Fmedia&parent=1766"}],"wp:term":[{"taxonomy":"product_brand","embeddable":true,"href":"https:\/\/koraledetale.pl\/index.php?rest_route=%2Fwp%2Fv2%2Fproduct_brand&post=1766"},{"taxonomy":"product_cat","embeddable":true,"href":"https:\/\/koraledetale.pl\/index.php?rest_route=%2Fwp%2Fv2%2Fproduct_cat&post=1766"},{"taxonomy":"product_tag","embeddable":true,"href":"https:\/\/koraledetale.pl\/index.php?rest_route=%2Fwp%2Fv2%2Fproduct_tag&post=1766"}],"curies":[{"name":"wp","href":"https:\/\/api.w.org\/{rel}","templated":true}]}}