{"id":1756,"date":"2022-01-03T10:35:46","date_gmt":"2022-01-03T10:35:46","guid":{"rendered":"https:\/\/koraledetale.pl\/?post_type=product&#038;p=1756"},"modified":"2024-11-11T21:04:28","modified_gmt":"2024-11-11T21:04:28","slug":"lancuszek-harmonia-z-ametystami-i-kianitem","status":"publish","type":"product","link":"https:\/\/koraledetale.pl\/?product=lancuszek-harmonia-z-ametystami-i-kianitem","title":{"rendered":"\u0141a\u0144cuszek HARMONIA z ametystami i kianitem"},"content":{"rendered":"<p>Wielko\u015b\u0107 kamieni:<\/p>\n<ul>\n<li>ametyst r\u00f3\u017cowy \u2013 9\u00d75 mm,<\/li>\n<li>ametyst zielony \u2013 7\u00d77 mm,<\/li>\n<li>kianit \u2013 5\u00d74 mm.<\/li>\n<\/ul>\n<p>D\u0142ugo\u015b\u0107 naszyjnika: 44 cm.<\/p>\n","protected":false},"excerpt":{"rendered":"<p>\u0141a\u0144cuszek z nieuczulaj\u0105cej stali chirurgicznej (szlachetnej) z kolorowymi kamieniami: r\u00f3\u017cowym i zielonym ametystem i kianitem.<\/p>\n","protected":false},"featured_media":1763,"comment_status":"open","ping_status":"closed","template":"","meta":{"advanced_seo_description":"","jetpack_seo_html_title":"","jetpack_seo_noindex":false},"product_brand":[],"product_cat":[229],"product_tag":[323,246,247,705,440,704,197,683],"class_list":{"0":"post-1756","1":"product","2":"type-product","3":"status-publish","4":"has-post-thumbnail","6":"product_cat-sprzedane","7":"product_tag-kianit","8":"product_tag-krotki-lancuszek-ze-stali-chirurgicznej","9":"product_tag-krotki-lancuszek-ze-stali-szlachetnej","10":"product_tag-rozowy-ametyst","11":"product_tag-zielony-ametyst","12":"product_tag-lancuszek-z-ametystem-i-kianitem","13":"product_tag-lancuszek-z-kamieniami-naturalnymi","14":"product_tag-lancuszek-z-kolorowymi-kamieniami","16":"first","17":"outofstock","18":"shipping-taxable","19":"product-type-simple"},"jetpack_sharing_enabled":true,"_links":{"self":[{"href":"https:\/\/koraledetale.pl\/index.php?rest_route=\/wp\/v2\/product\/1756","targetHints":{"allow":["GET"]}}],"collection":[{"href":"https:\/\/koraledetale.pl\/index.php?rest_route=\/wp\/v2\/product"}],"about":[{"href":"https:\/\/koraledetale.pl\/index.php?rest_route=\/wp\/v2\/types\/product"}],"replies":[{"embeddable":true,"href":"https:\/\/koraledetale.pl\/index.php?rest_route=%2Fwp%2Fv2%2Fcomments&post=1756"}],"wp:featuredmedia":[{"embeddable":true,"href":"https:\/\/koraledetale.pl\/index.php?rest_route=\/wp\/v2\/media\/1763"}],"wp:attachment":[{"href":"https:\/\/koraledetale.pl\/index.php?rest_route=%2Fwp%2Fv2%2Fmedia&parent=1756"}],"wp:term":[{"taxonomy":"product_brand","embeddable":true,"href":"https:\/\/koraledetale.pl\/index.php?rest_route=%2Fwp%2Fv2%2Fproduct_brand&post=1756"},{"taxonomy":"product_cat","embeddable":true,"href":"https:\/\/koraledetale.pl\/index.php?rest_route=%2Fwp%2Fv2%2Fproduct_cat&post=1756"},{"taxonomy":"product_tag","embeddable":true,"href":"https:\/\/koraledetale.pl\/index.php?rest_route=%2Fwp%2Fv2%2Fproduct_tag&post=1756"}],"curies":[{"name":"wp","href":"https:\/\/api.w.org\/{rel}","templated":true}]}}