{"id":1749,"date":"2021-12-30T09:43:21","date_gmt":"2021-12-30T09:43:21","guid":{"rendered":"https:\/\/koraledetale.pl\/?post_type=product&#038;p=1749"},"modified":"2024-11-11T21:04:46","modified_gmt":"2024-11-11T21:04:46","slug":"kolczyki-oczyszczenie-z-krysztalem-gorskim-i-perla","status":"publish","type":"product","link":"https:\/\/koraledetale.pl\/?product=kolczyki-oczyszczenie-z-krysztalem-gorskim-i-perla","title":{"rendered":"Kolczyki OCZYSZCZENIE z kryszta\u0142em g\u00f3rskim i per\u0142\u0105"},"content":{"rendered":"<p>Wielko\u015b\u0107 kamieni:<\/p>\n<ul>\n<li>kryszta\u0142 g\u00f3rski &#8211; 13&#215;4 mm,<\/li>\n<li>per\u0142a &#8211; 4 mm,<\/li>\n<li>hematyt &#8211; 3&#215;1 mm.<\/li>\n<\/ul>\n<p>D\u0142ugo\u015b\u0107 kolczyk\u00f3w &#8211; 3 cm.<\/p>\n","protected":false},"excerpt":{"rendered":"<p>Kolczyki z drapanej, nieuczulaj\u0105cej stali chirurgicznej (szlachetnej) z kryszta\u0142em g\u00f3rskim, szar\u0105 per\u0142\u0105 i srebrnym hematytem.<\/p>\n","protected":false},"featured_media":1752,"comment_status":"open","ping_status":"closed","template":"","meta":{"advanced_seo_description":"","jetpack_seo_html_title":"","jetpack_seo_noindex":false},"product_brand":[],"product_cat":[229],"product_tag":[701,107,108,702,57,26],"class_list":{"0":"post-1749","1":"product","2":"type-product","3":"status-publish","4":"has-post-thumbnail","6":"product_cat-sprzedane","7":"product_tag-kolczyki-na-sztyfcie-z-krysztalem-gorskim-i-perla","8":"product_tag-kolczyki-ze-stali-chirurgicznej","9":"product_tag-kolczyki-ze-stali-szlachetnej","10":"product_tag-krysztal-gorski","11":"product_tag-perla","12":"product_tag-srebrny-hematyt","14":"first","15":"outofstock","16":"shipping-taxable","17":"product-type-simple"},"jetpack_sharing_enabled":true,"_links":{"self":[{"href":"https:\/\/koraledetale.pl\/index.php?rest_route=\/wp\/v2\/product\/1749","targetHints":{"allow":["GET"]}}],"collection":[{"href":"https:\/\/koraledetale.pl\/index.php?rest_route=\/wp\/v2\/product"}],"about":[{"href":"https:\/\/koraledetale.pl\/index.php?rest_route=\/wp\/v2\/types\/product"}],"replies":[{"embeddable":true,"href":"https:\/\/koraledetale.pl\/index.php?rest_route=%2Fwp%2Fv2%2Fcomments&post=1749"}],"wp:featuredmedia":[{"embeddable":true,"href":"https:\/\/koraledetale.pl\/index.php?rest_route=\/wp\/v2\/media\/1752"}],"wp:attachment":[{"href":"https:\/\/koraledetale.pl\/index.php?rest_route=%2Fwp%2Fv2%2Fmedia&parent=1749"}],"wp:term":[{"taxonomy":"product_brand","embeddable":true,"href":"https:\/\/koraledetale.pl\/index.php?rest_route=%2Fwp%2Fv2%2Fproduct_brand&post=1749"},{"taxonomy":"product_cat","embeddable":true,"href":"https:\/\/koraledetale.pl\/index.php?rest_route=%2Fwp%2Fv2%2Fproduct_cat&post=1749"},{"taxonomy":"product_tag","embeddable":true,"href":"https:\/\/koraledetale.pl\/index.php?rest_route=%2Fwp%2Fv2%2Fproduct_tag&post=1749"}],"curies":[{"name":"wp","href":"https:\/\/api.w.org\/{rel}","templated":true}]}}