{"id":1729,"date":"2021-12-16T12:40:09","date_gmt":"2021-12-16T12:40:09","guid":{"rendered":"https:\/\/koraledetale.pl\/?post_type=product&#038;p=1729"},"modified":"2024-11-11T20:56:09","modified_gmt":"2024-11-11T20:56:09","slug":"kolczyki-mech-i-paproc-z-onyksami","status":"publish","type":"product","link":"https:\/\/koraledetale.pl\/?product=kolczyki-mech-i-paproc-z-onyksami","title":{"rendered":"Kolczyki MECH I PAPRO\u0106 z onyksami"},"content":{"rendered":"<p>Wielko\u015b\u0107 kamieni:<\/p>\n<ul>\n<li>zielony onyks (\u0142ezka) \u2013 6x6x2 mm.<\/li>\n<\/ul>\n<p>Zawieszka \u2013 ksi\u0119\u017cyc: 11\u00d712 mm.<\/p>\n<p>D\u0142ugo\u015b\u0107 kolczyk\u00f3w &#8211; 2,6 cm.<\/p>\n","protected":false},"excerpt":{"rendered":"<p>Kr\u00f3tkie kolczyki na sztyfcie z lun\u0105 i \u0142ezk\u0105 zielonego onyksu. Kolczyki wykonane s\u0105 ze stali chirurgicznej (szlachetnej).<\/p>\n","protected":false},"featured_media":1731,"comment_status":"open","ping_status":"closed","template":"","meta":{"advanced_seo_description":"","jetpack_seo_html_title":"","jetpack_seo_noindex":false},"product_brand":[],"product_cat":[229],"product_tag":[693,107,108,417,501,687,152],"class_list":{"0":"post-1729","1":"product","2":"type-product","3":"status-publish","4":"has-post-thumbnail","6":"product_cat-sprzedane","7":"product_tag-kolczyki-z-zielonymi-onyksem-i-luna","8":"product_tag-kolczyki-ze-stali-chirurgicznej","9":"product_tag-kolczyki-ze-stali-szlachetnej","10":"product_tag-krotkie-kolczyki-na-sztyftach","11":"product_tag-ksiezyc","12":"product_tag-luna","13":"product_tag-zielony-onyks","15":"first","16":"outofstock","17":"shipping-taxable","18":"product-type-simple"},"jetpack_sharing_enabled":true,"_links":{"self":[{"href":"https:\/\/koraledetale.pl\/index.php?rest_route=\/wp\/v2\/product\/1729","targetHints":{"allow":["GET"]}}],"collection":[{"href":"https:\/\/koraledetale.pl\/index.php?rest_route=\/wp\/v2\/product"}],"about":[{"href":"https:\/\/koraledetale.pl\/index.php?rest_route=\/wp\/v2\/types\/product"}],"replies":[{"embeddable":true,"href":"https:\/\/koraledetale.pl\/index.php?rest_route=%2Fwp%2Fv2%2Fcomments&post=1729"}],"wp:featuredmedia":[{"embeddable":true,"href":"https:\/\/koraledetale.pl\/index.php?rest_route=\/wp\/v2\/media\/1731"}],"wp:attachment":[{"href":"https:\/\/koraledetale.pl\/index.php?rest_route=%2Fwp%2Fv2%2Fmedia&parent=1729"}],"wp:term":[{"taxonomy":"product_brand","embeddable":true,"href":"https:\/\/koraledetale.pl\/index.php?rest_route=%2Fwp%2Fv2%2Fproduct_brand&post=1729"},{"taxonomy":"product_cat","embeddable":true,"href":"https:\/\/koraledetale.pl\/index.php?rest_route=%2Fwp%2Fv2%2Fproduct_cat&post=1729"},{"taxonomy":"product_tag","embeddable":true,"href":"https:\/\/koraledetale.pl\/index.php?rest_route=%2Fwp%2Fv2%2Fproduct_tag&post=1729"}],"curies":[{"name":"wp","href":"https:\/\/api.w.org\/{rel}","templated":true}]}}