{"id":1707,"date":"2021-12-02T11:33:05","date_gmt":"2021-12-02T11:33:05","guid":{"rendered":"https:\/\/koraledetale.pl\/?post_type=product&#038;p=1707"},"modified":"2024-11-11T20:56:59","modified_gmt":"2024-11-11T20:56:59","slug":"lancuszek-z-chryzoprazem-i-turmalinem","status":"publish","type":"product","link":"https:\/\/koraledetale.pl\/?product=lancuszek-z-chryzoprazem-i-turmalinem","title":{"rendered":"\u0141a\u0144cuszek z chryzoprazem i turmalinem"},"content":{"rendered":"<p>Wielko\u015b\u0107 kamieni:<\/p>\n<ul>\n<li>chryzopraz\u2013 10x8x4,5 mm,<\/li>\n<li>turmalin \u2013 6\u00d73,5 mm,<\/li>\n<li>hematyt &#8211; 2 mm.<\/li>\n<\/ul>\n<p>D\u0142ugo\u015b\u0107 naszyjnika: 55 mm + zawieszki 5 cm.<\/p>\n","protected":false},"excerpt":{"rendered":"<p>\u0141a\u0144cuszek z \u0142ezkami chryzoprazu i niebieskiego turmalinu oraz zawieszk\u0105 &#8211; lun\u0105. \u0141a\u0144cuszek wykonany jest z nieuczulaj\u0105cej stali chirurgicznej (szlachetnej).<\/p>\n","protected":false},"featured_media":1705,"comment_status":"open","ping_status":"closed","template":"","meta":{"advanced_seo_description":"","jetpack_seo_html_title":"","jetpack_seo_noindex":false},"product_brand":[],"product_cat":[229],"product_tag":[119,687,688,87,72,686,685],"class_list":{"0":"post-1707","1":"product","2":"type-product","3":"status-publish","4":"has-post-thumbnail","6":"product_cat-sprzedane","7":"product_tag-chryzopraz","8":"product_tag-luna","9":"product_tag-niebieski","10":"product_tag-turmalin","11":"product_tag-zawieszka","12":"product_tag-lancuszek-z-ksiezycem","13":"product_tag-lancuszek-z-niebieskimi-kamieniami","15":"first","16":"outofstock","17":"shipping-taxable","18":"product-type-simple"},"jetpack_sharing_enabled":true,"_links":{"self":[{"href":"https:\/\/koraledetale.pl\/index.php?rest_route=\/wp\/v2\/product\/1707","targetHints":{"allow":["GET"]}}],"collection":[{"href":"https:\/\/koraledetale.pl\/index.php?rest_route=\/wp\/v2\/product"}],"about":[{"href":"https:\/\/koraledetale.pl\/index.php?rest_route=\/wp\/v2\/types\/product"}],"replies":[{"embeddable":true,"href":"https:\/\/koraledetale.pl\/index.php?rest_route=%2Fwp%2Fv2%2Fcomments&post=1707"}],"wp:featuredmedia":[{"embeddable":true,"href":"https:\/\/koraledetale.pl\/index.php?rest_route=\/wp\/v2\/media\/1705"}],"wp:attachment":[{"href":"https:\/\/koraledetale.pl\/index.php?rest_route=%2Fwp%2Fv2%2Fmedia&parent=1707"}],"wp:term":[{"taxonomy":"product_brand","embeddable":true,"href":"https:\/\/koraledetale.pl\/index.php?rest_route=%2Fwp%2Fv2%2Fproduct_brand&post=1707"},{"taxonomy":"product_cat","embeddable":true,"href":"https:\/\/koraledetale.pl\/index.php?rest_route=%2Fwp%2Fv2%2Fproduct_cat&post=1707"},{"taxonomy":"product_tag","embeddable":true,"href":"https:\/\/koraledetale.pl\/index.php?rest_route=%2Fwp%2Fv2%2Fproduct_tag&post=1707"}],"curies":[{"name":"wp","href":"https:\/\/api.w.org\/{rel}","templated":true}]}}