{"id":1691,"date":"2021-12-02T11:11:21","date_gmt":"2021-12-02T11:11:21","guid":{"rendered":"https:\/\/koraledetale.pl\/?post_type=product&#038;p=1691"},"modified":"2024-11-11T20:57:11","modified_gmt":"2024-11-11T20:57:11","slug":"lancuszek-z-kolorowymi-kamieniami","status":"publish","type":"product","link":"https:\/\/koraledetale.pl\/?product=lancuszek-z-kolorowymi-kamieniami","title":{"rendered":"\u0141a\u0144cuszek z kolorowymi kamieniami"},"content":{"rendered":"<p>Wielko\u015b\u0107 kamieni:<\/p>\n<ul>\n<li>kamie\u0144 ksi\u0119\u017cycowy &#8211; 4 mm,<\/li>\n<li>granat &#8211; 4&#215;3 mm,<\/li>\n<li>\u017c\u00f3\u0142ty turmalin &#8211; 2,5 mm,<\/li>\n<li>iolit &#8211; 10x7x4 mm,<\/li>\n<li>rubin &#8211; 7&#215;4,5&#215;2,5 mm,<\/li>\n<li>r\u00f3\u017cowy turmalin &#8211; 3,5 mm,<\/li>\n<li>zielony turmalin &#8211; 4,5&#215;3 mm,<\/li>\n<li>hematyt &#8211; 2 mm i 3&#215;3 mm.<\/li>\n<\/ul>\n<p>D\u0142ugo\u015b\u0107 naszyjnika: 48-53 mm + zawieszki 3,5 cm.<\/p>\n","protected":false},"excerpt":{"rendered":"<p>\u0141a\u0144cuszek z kolorowymi zawieszkami z kamieni naturalnych: \u0142ezki iolitu, \u0142ezki jasnego rubinu, pastylek z zielonego turmalinu i granatu, fasetowanych kuleczek kamienia ksi\u0119\u017cycowego, \u017c\u00f3\u0142tego i r\u00f3\u017cowego turmalinu oraz z\u0142otego hematytu. \u0141a\u0144cuszek wykonany jest z nieuczulaj\u0105cej stali chirurgicznej (szlachetnej).<\/p>\n","protected":false},"featured_media":1706,"comment_status":"open","ping_status":"closed","template":"","meta":{"advanced_seo_description":"","jetpack_seo_html_title":"","jetpack_seo_noindex":false},"product_brand":[],"product_cat":[229],"product_tag":[71,67,23,64,117,87,683,684],"class_list":{"0":"post-1691","1":"product","2":"type-product","3":"status-publish","4":"has-post-thumbnail","6":"product_cat-sprzedane","7":"product_tag-granat","8":"product_tag-hematyt","9":"product_tag-iolit","10":"product_tag-kamien-ksiezycowy","11":"product_tag-rubin","12":"product_tag-turmalin","13":"product_tag-lancuszek-z-kolorowymi-kamieniami","14":"product_tag-lancuszek-z-kolorowymi-zawieszkami","16":"first","17":"outofstock","18":"shipping-taxable","19":"product-type-simple"},"jetpack_sharing_enabled":true,"_links":{"self":[{"href":"https:\/\/koraledetale.pl\/index.php?rest_route=\/wp\/v2\/product\/1691","targetHints":{"allow":["GET"]}}],"collection":[{"href":"https:\/\/koraledetale.pl\/index.php?rest_route=\/wp\/v2\/product"}],"about":[{"href":"https:\/\/koraledetale.pl\/index.php?rest_route=\/wp\/v2\/types\/product"}],"replies":[{"embeddable":true,"href":"https:\/\/koraledetale.pl\/index.php?rest_route=%2Fwp%2Fv2%2Fcomments&post=1691"}],"wp:featuredmedia":[{"embeddable":true,"href":"https:\/\/koraledetale.pl\/index.php?rest_route=\/wp\/v2\/media\/1706"}],"wp:attachment":[{"href":"https:\/\/koraledetale.pl\/index.php?rest_route=%2Fwp%2Fv2%2Fmedia&parent=1691"}],"wp:term":[{"taxonomy":"product_brand","embeddable":true,"href":"https:\/\/koraledetale.pl\/index.php?rest_route=%2Fwp%2Fv2%2Fproduct_brand&post=1691"},{"taxonomy":"product_cat","embeddable":true,"href":"https:\/\/koraledetale.pl\/index.php?rest_route=%2Fwp%2Fv2%2Fproduct_cat&post=1691"},{"taxonomy":"product_tag","embeddable":true,"href":"https:\/\/koraledetale.pl\/index.php?rest_route=%2Fwp%2Fv2%2Fproduct_tag&post=1691"}],"curies":[{"name":"wp","href":"https:\/\/api.w.org\/{rel}","templated":true}]}}