{"id":1657,"date":"2021-11-30T11:06:12","date_gmt":"2021-11-30T11:06:12","guid":{"rendered":"https:\/\/koraledetale.pl\/?post_type=product&#038;p=1657"},"modified":"2023-03-28T09:12:45","modified_gmt":"2023-03-28T09:12:45","slug":"pierscionek-z-hematytami-i-spinelem-wersja-srebrna","status":"publish","type":"product","link":"https:\/\/koraledetale.pl\/?product=pierscionek-z-hematytami-i-spinelem-wersja-srebrna","title":{"rendered":"Pier\u015bcionek z hematytami i spinelem &#8211; wersja srebrna"},"content":{"rendered":"<p>Wielko\u015b\u0107 kamieni:<\/p>\n<ul>\n<li>hematyt &#8211; 2 mm,<\/li>\n<li>spinel &#8211; 2 mm.<\/li>\n<\/ul>\n<p>Rozmiar pier\u015bcionka: 14-15. Mo\u017cliwe jest zam\u00f3wienie pier\u015bcionka w innym rozmiarze \u2013 napisz w uwagach do zam\u00f3wienia jaki rozmiar Ci\u0119 interesuje.<\/p>\n","protected":false},"excerpt":{"rendered":"<p>Pier\u015bcionek na elastycznej \u017cy\u0142ce jubilerskiej ze srebrnymi hematytami przeplatanymi spinelem.<\/p>\n","protected":false},"featured_media":1671,"comment_status":"open","ping_status":"closed","template":"","meta":{"advanced_seo_description":"","jetpack_seo_html_title":"","jetpack_seo_noindex":false},"product_brand":[],"product_cat":[19],"product_tag":[680,565,39,26],"class_list":{"0":"post-1657","1":"product","2":"type-product","3":"status-publish","4":"has-post-thumbnail","6":"product_cat-pierscionki","7":"product_tag-elastyczny-pierscionek-z-hematytami-i-spinelem","8":"product_tag-pierscionek-na-gumce-z-kamieniami-naturalnymi","9":"product_tag-spinel","10":"product_tag-srebrny-hematyt","12":"first","13":"instock","14":"shipping-taxable","15":"purchasable","16":"product-type-simple"},"jetpack_sharing_enabled":true,"_links":{"self":[{"href":"https:\/\/koraledetale.pl\/index.php?rest_route=\/wp\/v2\/product\/1657","targetHints":{"allow":["GET"]}}],"collection":[{"href":"https:\/\/koraledetale.pl\/index.php?rest_route=\/wp\/v2\/product"}],"about":[{"href":"https:\/\/koraledetale.pl\/index.php?rest_route=\/wp\/v2\/types\/product"}],"replies":[{"embeddable":true,"href":"https:\/\/koraledetale.pl\/index.php?rest_route=%2Fwp%2Fv2%2Fcomments&post=1657"}],"wp:featuredmedia":[{"embeddable":true,"href":"https:\/\/koraledetale.pl\/index.php?rest_route=\/wp\/v2\/media\/1671"}],"wp:attachment":[{"href":"https:\/\/koraledetale.pl\/index.php?rest_route=%2Fwp%2Fv2%2Fmedia&parent=1657"}],"wp:term":[{"taxonomy":"product_brand","embeddable":true,"href":"https:\/\/koraledetale.pl\/index.php?rest_route=%2Fwp%2Fv2%2Fproduct_brand&post=1657"},{"taxonomy":"product_cat","embeddable":true,"href":"https:\/\/koraledetale.pl\/index.php?rest_route=%2Fwp%2Fv2%2Fproduct_cat&post=1657"},{"taxonomy":"product_tag","embeddable":true,"href":"https:\/\/koraledetale.pl\/index.php?rest_route=%2Fwp%2Fv2%2Fproduct_tag&post=1657"}],"curies":[{"name":"wp","href":"https:\/\/api.w.org\/{rel}","templated":true}]}}