{"id":1620,"date":"2021-11-20T14:56:24","date_gmt":"2021-11-20T14:56:24","guid":{"rendered":"https:\/\/koraledetale.pl\/?post_type=product&#038;p=1620"},"modified":"2024-11-11T20:58:15","modified_gmt":"2024-11-11T20:58:15","slug":"perla-na-jedwabiu","status":"publish","type":"product","link":"https:\/\/koraledetale.pl\/?product=perla-na-jedwabiu","title":{"rendered":"Per\u0142a na jedwabiu"},"content":{"rendered":"<p>Wielko\u015b\u0107 per\u0142y &#8211; ok. 12 mm.<\/p>\n<p>D\u0142ugo\u015b\u0107 naszyjnika: 40,5 &#8211; 45 cm.<\/p>\n","protected":false},"excerpt":{"rendered":"<p>Minimalistyczny naszyjnik z du\u017c\u0105 per\u0142\u0105 barokow\u0105 zawieszon\u0105 na jedwabnym, czarnym sznureczku.\u00a0 Zapi\u0119cie wykonane jest ze stali chirurgicznej (szlachetnej).<\/p>\n","protected":false},"featured_media":1627,"comment_status":"open","ping_status":"closed","template":"","meta":{"advanced_seo_description":"","jetpack_seo_html_title":"","jetpack_seo_noindex":false},"product_brand":[],"product_cat":[229],"product_tag":[671,478,222,672],"class_list":{"0":"post-1620","1":"product","2":"type-product","3":"status-publish","4":"has-post-thumbnail","6":"product_cat-sprzedane","7":"product_tag-duza-perla-barokowa","8":"product_tag-jedwab","9":"product_tag-naszyjnik-z-perla","10":"product_tag-perla-na-jedwabiu","12":"first","13":"outofstock","14":"shipping-taxable","15":"product-type-simple"},"jetpack_sharing_enabled":true,"_links":{"self":[{"href":"https:\/\/koraledetale.pl\/index.php?rest_route=\/wp\/v2\/product\/1620","targetHints":{"allow":["GET"]}}],"collection":[{"href":"https:\/\/koraledetale.pl\/index.php?rest_route=\/wp\/v2\/product"}],"about":[{"href":"https:\/\/koraledetale.pl\/index.php?rest_route=\/wp\/v2\/types\/product"}],"replies":[{"embeddable":true,"href":"https:\/\/koraledetale.pl\/index.php?rest_route=%2Fwp%2Fv2%2Fcomments&post=1620"}],"wp:featuredmedia":[{"embeddable":true,"href":"https:\/\/koraledetale.pl\/index.php?rest_route=\/wp\/v2\/media\/1627"}],"wp:attachment":[{"href":"https:\/\/koraledetale.pl\/index.php?rest_route=%2Fwp%2Fv2%2Fmedia&parent=1620"}],"wp:term":[{"taxonomy":"product_brand","embeddable":true,"href":"https:\/\/koraledetale.pl\/index.php?rest_route=%2Fwp%2Fv2%2Fproduct_brand&post=1620"},{"taxonomy":"product_cat","embeddable":true,"href":"https:\/\/koraledetale.pl\/index.php?rest_route=%2Fwp%2Fv2%2Fproduct_cat&post=1620"},{"taxonomy":"product_tag","embeddable":true,"href":"https:\/\/koraledetale.pl\/index.php?rest_route=%2Fwp%2Fv2%2Fproduct_tag&post=1620"}],"curies":[{"name":"wp","href":"https:\/\/api.w.org\/{rel}","templated":true}]}}