{"id":1612,"date":"2021-11-19T10:12:46","date_gmt":"2021-11-19T10:12:46","guid":{"rendered":"https:\/\/koraledetale.pl\/?post_type=product&#038;p=1612"},"modified":"2024-11-11T20:58:34","modified_gmt":"2024-11-11T20:58:34","slug":"choker-z-perel-z-kunzytem-ametystem-i-labradorytem","status":"publish","type":"product","link":"https:\/\/koraledetale.pl\/?product=choker-z-perel-z-kunzytem-ametystem-i-labradorytem","title":{"rendered":"Choker z pere\u0142 z kunzytem, ametystem i labradorytem"},"content":{"rendered":"<p>Wielko\u015b\u0107 kamieni:<\/p>\n<ul>\n<li>per\u0142a \u2013 ok. 10\u00d78 mm,<\/li>\n<li>kunzyt \u2013 22x16x7 mm<\/li>\n<li>labradoryt \u2013 10\u00d77 mm<\/li>\n<li>ametyst &#8211; 9&#215;6 mm,<\/li>\n<li>hematyt &#8211; 4&#215;2 mm i 2 mm.<\/li>\n<\/ul>\n<p>Naszyjnik mo\u017cna zapi\u0105\u0107 na ca\u0142ej d\u0142ugo\u015bci sznura, maksymalna d\u0142ugo\u015b\u0107 naszyjnika \u2013 42 cm + zawieszka 6,5 cm.<\/p>\n","protected":false},"excerpt":{"rendered":"<p>Choker z du\u017cych, bia\u0142ych, nieregularnych pere\u0142 z wplecionym krystalicznym ametystem pomi\u0119dzy z\u0142otymi hematytami i zawieszk\u0105 z du\u017cego kunzytu i kropli labradorytu. Naszyjnik mo\u017cna zapi\u0105\u0107 w dowolnym miejscu sznura, lub przy k\u00f3\u0142ku zawieszki. Elementy metalowe wykonane s\u0105 ze stali chirurgicznej (szlachetnej).<\/p>\n","protected":false},"featured_media":1618,"comment_status":"open","ping_status":"closed","template":"","meta":{"advanced_seo_description":"","jetpack_seo_html_title":"","jetpack_seo_noindex":false},"product_brand":[],"product_cat":[229],"product_tag":[111,512,56,110,670,31],"class_list":{"0":"post-1612","1":"product","2":"type-product","3":"status-publish","4":"has-post-thumbnail","6":"product_cat-sprzedane","7":"product_tag-choker-z-perlami","8":"product_tag-kunzyt","9":"product_tag-labradoryt","10":"product_tag-naszyjnik-z-perel","11":"product_tag-perly","12":"product_tag-zloty-hematyt","14":"first","15":"outofstock","16":"shipping-taxable","17":"product-type-simple"},"jetpack_sharing_enabled":true,"_links":{"self":[{"href":"https:\/\/koraledetale.pl\/index.php?rest_route=\/wp\/v2\/product\/1612","targetHints":{"allow":["GET"]}}],"collection":[{"href":"https:\/\/koraledetale.pl\/index.php?rest_route=\/wp\/v2\/product"}],"about":[{"href":"https:\/\/koraledetale.pl\/index.php?rest_route=\/wp\/v2\/types\/product"}],"replies":[{"embeddable":true,"href":"https:\/\/koraledetale.pl\/index.php?rest_route=%2Fwp%2Fv2%2Fcomments&post=1612"}],"wp:featuredmedia":[{"embeddable":true,"href":"https:\/\/koraledetale.pl\/index.php?rest_route=\/wp\/v2\/media\/1618"}],"wp:attachment":[{"href":"https:\/\/koraledetale.pl\/index.php?rest_route=%2Fwp%2Fv2%2Fmedia&parent=1612"}],"wp:term":[{"taxonomy":"product_brand","embeddable":true,"href":"https:\/\/koraledetale.pl\/index.php?rest_route=%2Fwp%2Fv2%2Fproduct_brand&post=1612"},{"taxonomy":"product_cat","embeddable":true,"href":"https:\/\/koraledetale.pl\/index.php?rest_route=%2Fwp%2Fv2%2Fproduct_cat&post=1612"},{"taxonomy":"product_tag","embeddable":true,"href":"https:\/\/koraledetale.pl\/index.php?rest_route=%2Fwp%2Fv2%2Fproduct_tag&post=1612"}],"curies":[{"name":"wp","href":"https:\/\/api.w.org\/{rel}","templated":true}]}}