{"id":1609,"date":"2021-11-18T10:00:45","date_gmt":"2021-11-18T10:00:45","guid":{"rendered":"https:\/\/koraledetale.pl\/?post_type=product&#038;p=1609"},"modified":"2024-11-11T20:58:51","modified_gmt":"2024-11-11T20:58:51","slug":"bransoletka-ochrona-z-magnezytem","status":"publish","type":"product","link":"https:\/\/koraledetale.pl\/?product=bransoletka-ochrona-z-magnezytem","title":{"rendered":"Bransoletka OCHRONA z magnezytem"},"content":{"rendered":"<p>Wielko\u015b\u0107 kamieni:<\/p>\n<ul>\n<li>magnezyt \u2013 2 mm,<\/li>\n<li>koral \u2013 2,5 mm,<\/li>\n<li>hematyt \u2013 2\u00d74 mm i 2 mm.<\/li>\n<\/ul>\n<p>D\u0142ugo\u015b\u0107 bransoletki: 15,5 &#8211; 18 cm.<\/p>\n","protected":false},"excerpt":{"rendered":"<p style=\"text-align: left;\">Bransoletka z drobnych magnezyt\u00f3w zasupe\u0142kowanych na czerwonej, mocnej nici jubilerskiej wraz ze z\u0142otymi hematytami i koralem. Filuterno\u015bci bransoletce dodaje czerwona nitka dla ochrony i szcz\u0119\u015bcia. Wszystkie elementy metalowe wykonane s\u0105 z nieuczulaj\u0105cej stali chirurgicznej (szlachetnej).<\/p>\n","protected":false},"featured_media":1607,"comment_status":"open","ping_status":"closed","template":"","meta":{"advanced_seo_description":"","jetpack_seo_html_title":"","jetpack_seo_noindex":false},"product_brand":[],"product_cat":[229],"product_tag":[374,79,666,82,491,295,171,31],"class_list":{"0":"post-1609","1":"product","2":"type-product","3":"status-publish","4":"has-post-thumbnail","6":"product_cat-sprzedane","7":"product_tag-bransoletka-na-czerwonej-nitce","8":"product_tag-bransoletka-z-drobnych-kamieni","9":"product_tag-bransoletka-z-magnezytow","10":"product_tag-koral","11":"product_tag-magnezyt","12":"product_tag-supelkowa-bransoletka-z-kamieniami-naturalnymi","13":"product_tag-turkusowy","14":"product_tag-zloty-hematyt","16":"first","17":"outofstock","18":"shipping-taxable","19":"product-type-simple"},"jetpack_sharing_enabled":true,"_links":{"self":[{"href":"https:\/\/koraledetale.pl\/index.php?rest_route=\/wp\/v2\/product\/1609","targetHints":{"allow":["GET"]}}],"collection":[{"href":"https:\/\/koraledetale.pl\/index.php?rest_route=\/wp\/v2\/product"}],"about":[{"href":"https:\/\/koraledetale.pl\/index.php?rest_route=\/wp\/v2\/types\/product"}],"replies":[{"embeddable":true,"href":"https:\/\/koraledetale.pl\/index.php?rest_route=%2Fwp%2Fv2%2Fcomments&post=1609"}],"wp:featuredmedia":[{"embeddable":true,"href":"https:\/\/koraledetale.pl\/index.php?rest_route=\/wp\/v2\/media\/1607"}],"wp:attachment":[{"href":"https:\/\/koraledetale.pl\/index.php?rest_route=%2Fwp%2Fv2%2Fmedia&parent=1609"}],"wp:term":[{"taxonomy":"product_brand","embeddable":true,"href":"https:\/\/koraledetale.pl\/index.php?rest_route=%2Fwp%2Fv2%2Fproduct_brand&post=1609"},{"taxonomy":"product_cat","embeddable":true,"href":"https:\/\/koraledetale.pl\/index.php?rest_route=%2Fwp%2Fv2%2Fproduct_cat&post=1609"},{"taxonomy":"product_tag","embeddable":true,"href":"https:\/\/koraledetale.pl\/index.php?rest_route=%2Fwp%2Fv2%2Fproduct_tag&post=1609"}],"curies":[{"name":"wp","href":"https:\/\/api.w.org\/{rel}","templated":true}]}}