{"id":1589,"date":"2021-11-16T09:25:14","date_gmt":"2021-11-16T09:25:14","guid":{"rendered":"https:\/\/koraledetale.pl\/?post_type=product&#038;p=1589"},"modified":"2024-11-11T20:52:12","modified_gmt":"2024-11-11T20:52:12","slug":"pierscionek-serce-z-rozowa-perla-i-spinelem","status":"publish","type":"product","link":"https:\/\/koraledetale.pl\/?product=pierscionek-serce-z-rozowa-perla-i-spinelem","title":{"rendered":"Pier\u015bcionek SERCE z r\u00f3\u017cow\u0105 per\u0142\u0105 i spinelem"},"content":{"rendered":"<p>Wielko\u015b\u0107 kamieni:<\/p>\n<ul>\n<li>spinel \u2013 2 mm,<\/li>\n<li>per\u0142a \u2013 4&#215;5 mm,<\/li>\n<li>hematyt \u2013 2 mm.<\/li>\n<\/ul>\n<p>Rozmiar pier\u015bcionka: 14-15.<\/p>\n","protected":false},"excerpt":{"rendered":"<p>Pier\u015bcionek na elastycznej \u017cy\u0142ce jubilerskiej z r\u00f3\u017cow\u0105 per\u0142\u0105 w kszta\u0142cie serca oraz spinelem i z\u0142otymi hematytami. Jedyny taki!<\/p>\n","protected":false},"featured_media":1587,"comment_status":"open","ping_status":"closed","template":"","meta":{"advanced_seo_description":"","jetpack_seo_html_title":"","jetpack_seo_noindex":false},"product_brand":[],"product_cat":[229],"product_tag":[658,563,75,659,31],"class_list":{"0":"post-1589","1":"product","2":"type-product","3":"status-publish","4":"has-post-thumbnail","6":"product_cat-sprzedane","7":"product_tag-elastyczny-pierscionek-z-perla-i-spinelem","8":"product_tag-pierscionek-na-gumce","9":"product_tag-rozowa-perla","10":"product_tag-spinelperla","11":"product_tag-zloty-hematyt","13":"first","14":"outofstock","15":"shipping-taxable","16":"product-type-simple"},"jetpack_sharing_enabled":true,"_links":{"self":[{"href":"https:\/\/koraledetale.pl\/index.php?rest_route=\/wp\/v2\/product\/1589","targetHints":{"allow":["GET"]}}],"collection":[{"href":"https:\/\/koraledetale.pl\/index.php?rest_route=\/wp\/v2\/product"}],"about":[{"href":"https:\/\/koraledetale.pl\/index.php?rest_route=\/wp\/v2\/types\/product"}],"replies":[{"embeddable":true,"href":"https:\/\/koraledetale.pl\/index.php?rest_route=%2Fwp%2Fv2%2Fcomments&post=1589"}],"wp:featuredmedia":[{"embeddable":true,"href":"https:\/\/koraledetale.pl\/index.php?rest_route=\/wp\/v2\/media\/1587"}],"wp:attachment":[{"href":"https:\/\/koraledetale.pl\/index.php?rest_route=%2Fwp%2Fv2%2Fmedia&parent=1589"}],"wp:term":[{"taxonomy":"product_brand","embeddable":true,"href":"https:\/\/koraledetale.pl\/index.php?rest_route=%2Fwp%2Fv2%2Fproduct_brand&post=1589"},{"taxonomy":"product_cat","embeddable":true,"href":"https:\/\/koraledetale.pl\/index.php?rest_route=%2Fwp%2Fv2%2Fproduct_cat&post=1589"},{"taxonomy":"product_tag","embeddable":true,"href":"https:\/\/koraledetale.pl\/index.php?rest_route=%2Fwp%2Fv2%2Fproduct_tag&post=1589"}],"curies":[{"name":"wp","href":"https:\/\/api.w.org\/{rel}","templated":true}]}}