{"id":1567,"date":"2021-11-09T14:42:22","date_gmt":"2021-11-09T14:42:22","guid":{"rendered":"https:\/\/koraledetale.pl\/?post_type=product&#038;p=1567"},"modified":"2024-11-11T20:53:24","modified_gmt":"2024-11-11T20:53:24","slug":"kolczyki-tuberoza","status":"publish","type":"product","link":"https:\/\/koraledetale.pl\/?product=kolczyki-tuberoza","title":{"rendered":"Kolczyki TUBEROZY"},"content":{"rendered":"<p>Wielko\u015b\u0107 kamieni:<\/p>\n<ul>\n<li>diopsyd &#8211; 8x6x3 mm,<\/li>\n<li>turmalin &#8211; 4,5&#215;3 mm,<\/li>\n<li>granat &#8211; 3&#215;2 mm,<\/li>\n<li>hematyt &#8211; 2x1mm i 2 mm.<\/li>\n<\/ul>\n<p>D\u0142ugo\u015b\u0107 kolczyk\u00f3w &#8211; 2,5 cm.<\/p>\n","protected":false},"excerpt":{"rendered":"<p>Kr\u00f3tkie kolczyki z nieuczulaj\u0105cej stali chirurgicznej (szlachetnej) na sztyftach z zielonymi kamieniami: \u0142ezk\u0105 diopsydu, pastylk\u0105 turmalinu i oponk\u0105 granatu oraz z\u0142otymi hematytami.<\/p>\n","protected":false},"featured_media":1562,"comment_status":"open","ping_status":"closed","template":"","meta":{"advanced_seo_description":"","jetpack_seo_html_title":"","jetpack_seo_noindex":false},"product_brand":[],"product_cat":[229],"product_tag":[29,649,306,307,86,469,31],"class_list":{"0":"post-1567","1":"product","2":"type-product","3":"status-publish","4":"has-post-thumbnail","6":"product_cat-sprzedane","7":"product_tag-diopsyd","8":"product_tag-kolczyki-z-zielonymi-kamieniami-naturalnymi","9":"product_tag-krotkie-kolczyki-na-sztyftach-ze-stali-chirurgicznej","10":"product_tag-krotkie-kolczyki-na-sztyftach-ze-stali-szlachetnej","11":"product_tag-zielony-granat","12":"product_tag-zielony-turmalin","13":"product_tag-zloty-hematyt","15":"first","16":"outofstock","17":"shipping-taxable","18":"product-type-simple"},"jetpack_sharing_enabled":true,"_links":{"self":[{"href":"https:\/\/koraledetale.pl\/index.php?rest_route=\/wp\/v2\/product\/1567","targetHints":{"allow":["GET"]}}],"collection":[{"href":"https:\/\/koraledetale.pl\/index.php?rest_route=\/wp\/v2\/product"}],"about":[{"href":"https:\/\/koraledetale.pl\/index.php?rest_route=\/wp\/v2\/types\/product"}],"replies":[{"embeddable":true,"href":"https:\/\/koraledetale.pl\/index.php?rest_route=%2Fwp%2Fv2%2Fcomments&post=1567"}],"wp:featuredmedia":[{"embeddable":true,"href":"https:\/\/koraledetale.pl\/index.php?rest_route=\/wp\/v2\/media\/1562"}],"wp:attachment":[{"href":"https:\/\/koraledetale.pl\/index.php?rest_route=%2Fwp%2Fv2%2Fmedia&parent=1567"}],"wp:term":[{"taxonomy":"product_brand","embeddable":true,"href":"https:\/\/koraledetale.pl\/index.php?rest_route=%2Fwp%2Fv2%2Fproduct_brand&post=1567"},{"taxonomy":"product_cat","embeddable":true,"href":"https:\/\/koraledetale.pl\/index.php?rest_route=%2Fwp%2Fv2%2Fproduct_cat&post=1567"},{"taxonomy":"product_tag","embeddable":true,"href":"https:\/\/koraledetale.pl\/index.php?rest_route=%2Fwp%2Fv2%2Fproduct_tag&post=1567"}],"curies":[{"name":"wp","href":"https:\/\/api.w.org\/{rel}","templated":true}]}}