{"id":1554,"date":"2021-11-09T14:14:23","date_gmt":"2021-11-09T14:14:23","guid":{"rendered":"https:\/\/koraledetale.pl\/?post_type=product&#038;p=1554"},"modified":"2024-11-11T20:53:43","modified_gmt":"2024-11-11T20:53:43","slug":"kolczyki-czerwone-wino-z-granatami","status":"publish","type":"product","link":"https:\/\/koraledetale.pl\/?product=kolczyki-czerwone-wino-z-granatami","title":{"rendered":"Kolczyki MAGNOLIE z granatami"},"content":{"rendered":"<p>Wielko\u015b\u0107 granat\u00f3w &#8211; 9x5x3 mm.<\/p>\n<p>D\u0142ugo\u015b\u0107 kolczyk\u00f3w &#8211; 4 cm.<\/p>\n","protected":false},"excerpt":{"rendered":"<p>Lekkie kolczyki z nieuczulaj\u0105cej stali chirurgicznej (szlachetnej) z k\u00f3\u0142kiem i \u0142ezk\u0105 granatu w kolorze dobrego, czerwonego wina.<\/p>\n","protected":false},"featured_media":1558,"comment_status":"open","ping_status":"closed","template":"","meta":{"advanced_seo_description":"","jetpack_seo_html_title":"","jetpack_seo_noindex":false},"product_brand":[],"product_cat":[229],"product_tag":[71,646,107,108],"class_list":{"0":"post-1554","1":"product","2":"type-product","3":"status-publish","4":"has-post-thumbnail","6":"product_cat-sprzedane","7":"product_tag-granat","8":"product_tag-kolczyki-z-granatami","9":"product_tag-kolczyki-ze-stali-chirurgicznej","10":"product_tag-kolczyki-ze-stali-szlachetnej","12":"first","13":"outofstock","14":"shipping-taxable","15":"product-type-simple"},"jetpack_sharing_enabled":true,"_links":{"self":[{"href":"https:\/\/koraledetale.pl\/index.php?rest_route=\/wp\/v2\/product\/1554","targetHints":{"allow":["GET"]}}],"collection":[{"href":"https:\/\/koraledetale.pl\/index.php?rest_route=\/wp\/v2\/product"}],"about":[{"href":"https:\/\/koraledetale.pl\/index.php?rest_route=\/wp\/v2\/types\/product"}],"replies":[{"embeddable":true,"href":"https:\/\/koraledetale.pl\/index.php?rest_route=%2Fwp%2Fv2%2Fcomments&post=1554"}],"wp:featuredmedia":[{"embeddable":true,"href":"https:\/\/koraledetale.pl\/index.php?rest_route=\/wp\/v2\/media\/1558"}],"wp:attachment":[{"href":"https:\/\/koraledetale.pl\/index.php?rest_route=%2Fwp%2Fv2%2Fmedia&parent=1554"}],"wp:term":[{"taxonomy":"product_brand","embeddable":true,"href":"https:\/\/koraledetale.pl\/index.php?rest_route=%2Fwp%2Fv2%2Fproduct_brand&post=1554"},{"taxonomy":"product_cat","embeddable":true,"href":"https:\/\/koraledetale.pl\/index.php?rest_route=%2Fwp%2Fv2%2Fproduct_cat&post=1554"},{"taxonomy":"product_tag","embeddable":true,"href":"https:\/\/koraledetale.pl\/index.php?rest_route=%2Fwp%2Fv2%2Fproduct_tag&post=1554"}],"curies":[{"name":"wp","href":"https:\/\/api.w.org\/{rel}","templated":true}]}}