{"id":1519,"date":"2021-11-03T12:59:29","date_gmt":"2021-11-03T12:59:29","guid":{"rendered":"https:\/\/koraledetale.pl\/?post_type=product&#038;p=1519"},"modified":"2024-11-11T20:54:34","modified_gmt":"2024-11-11T20:54:34","slug":"bransoletka-drzewo-zycia-z-chryzokola","status":"publish","type":"product","link":"https:\/\/koraledetale.pl\/?product=bransoletka-drzewo-zycia-z-chryzokola","title":{"rendered":"Bransoletka DRZEWO \u017bYCIA z chryzokol\u0105"},"content":{"rendered":"<p>Wielko\u015b\u0107 kamieni:<\/p>\n<ul>\n<li>chryzokola &#8211; 3,5 mm,<\/li>\n<li>hematyt &#8211; 3&#215;1 mm, 2&#215;5 mm i 2 mm.<\/li>\n<\/ul>\n<p>\u015arednica zawieszki &#8211; 1,2 cm.<\/p>\n<p>D\u0142ugo\u015b\u0107 bransoletki: 15,8 &#8211; 19 cm.<\/p>\n","protected":false},"excerpt":{"rendered":"<p>Bransoletka z chryzokol\u0105 z dodatkiem z\u0142otego hematytu, zasup\u0142anych na czerwonej nitce, z zawieszk\u0105 &#8211; drzewem \u017cycia i czerwon\u0105 nitk\u0105 dla ochrony i szcz\u0119\u015bcia.<\/p>\n<p>Wszystkie elementy metalowe wykonane s\u0105 z nieuczulaj\u0105cej stali chirurgicznej (szlachetnej).<\/p>\n","protected":false},"featured_media":2296,"comment_status":"open","ping_status":"closed","template":"","meta":{"advanced_seo_description":"","jetpack_seo_html_title":"","jetpack_seo_noindex":false},"product_brand":[],"product_cat":[229],"product_tag":[374,631,632,133,120,633,82,36,37,72,31],"class_list":{"0":"post-1519","1":"product","2":"type-product","3":"status-publish","4":"has-post-thumbnail","6":"product_cat-sprzedane","7":"product_tag-bransoletka-na-czerwonej-nitce","8":"product_tag-bransoletka-z-chryzokola-i-koralem-na-czerwonej-nitce","9":"product_tag-bransoletka-z-drzewem-zycia","10":"product_tag-bransoletka-z-kamieni-naturalnych","11":"product_tag-chryzokola","12":"product_tag-drzewo-zycia","13":"product_tag-koral","14":"product_tag-stal-chirurgiczna","15":"product_tag-stal-szlachetna","16":"product_tag-zawieszka","17":"product_tag-zloty-hematyt","19":"first","20":"outofstock","21":"shipping-taxable","22":"product-type-simple"},"jetpack_sharing_enabled":true,"_links":{"self":[{"href":"https:\/\/koraledetale.pl\/index.php?rest_route=\/wp\/v2\/product\/1519","targetHints":{"allow":["GET"]}}],"collection":[{"href":"https:\/\/koraledetale.pl\/index.php?rest_route=\/wp\/v2\/product"}],"about":[{"href":"https:\/\/koraledetale.pl\/index.php?rest_route=\/wp\/v2\/types\/product"}],"replies":[{"embeddable":true,"href":"https:\/\/koraledetale.pl\/index.php?rest_route=%2Fwp%2Fv2%2Fcomments&post=1519"}],"wp:featuredmedia":[{"embeddable":true,"href":"https:\/\/koraledetale.pl\/index.php?rest_route=\/wp\/v2\/media\/2296"}],"wp:attachment":[{"href":"https:\/\/koraledetale.pl\/index.php?rest_route=%2Fwp%2Fv2%2Fmedia&parent=1519"}],"wp:term":[{"taxonomy":"product_brand","embeddable":true,"href":"https:\/\/koraledetale.pl\/index.php?rest_route=%2Fwp%2Fv2%2Fproduct_brand&post=1519"},{"taxonomy":"product_cat","embeddable":true,"href":"https:\/\/koraledetale.pl\/index.php?rest_route=%2Fwp%2Fv2%2Fproduct_cat&post=1519"},{"taxonomy":"product_tag","embeddable":true,"href":"https:\/\/koraledetale.pl\/index.php?rest_route=%2Fwp%2Fv2%2Fproduct_tag&post=1519"}],"curies":[{"name":"wp","href":"https:\/\/api.w.org\/{rel}","templated":true}]}}