{"id":1517,"date":"2021-11-02T13:48:46","date_gmt":"2021-11-02T13:48:46","guid":{"rendered":"https:\/\/koraledetale.pl\/?post_type=product&#038;p=1517"},"modified":"2024-11-11T20:54:44","modified_gmt":"2024-11-11T20:54:44","slug":"1517","status":"publish","type":"product","link":"https:\/\/koraledetale.pl\/?product=1517","title":{"rendered":"Naszyjnik GYPSY z lapis lazuri i zielonym onyksem"},"content":{"rendered":"<p>Wielko\u015b\u0107 kamieni:<\/p>\n<ul>\n<li>lapis lazuri \u2013 4 mm,<\/li>\n<li>onyks \u2013 4,5 mm,<\/li>\n<li>hematyt \u2013 4\u00d72 mm, 3,\u00d72,5 mm, 2\u00d72 mm i 2 mm.<\/li>\n<\/ul>\n<p>\u015arednica blaszek \u2013 8 mm.<\/p>\n<p>Wielko\u015b\u0107 g\u0142\u00f3wnej zawieszki &#8211; 18&#215;16 mm.<\/p>\n<p>D\u0142ugo\u015b\u0107 naszyjnika \u2013 42,5 &#8211; 47 cm.<\/p>\n","protected":false},"excerpt":{"rendered":"<p>Naszyjnik w stylu boho z lapis lazuri, zielonym onyksem, z\u0142otymi hematytami i okr\u0105g\u0142ymi zawieszkami. Wszystkie elementy metalowe wykonane s\u0105 z nieuczulaj\u0105cej stali chirurgicznej (szlachetnej).<\/p>\n","protected":false},"featured_media":1512,"comment_status":"open","ping_status":"closed","template":"","meta":{"advanced_seo_description":"","jetpack_seo_html_title":"","jetpack_seo_noindex":false},"product_brand":[],"product_cat":[229],"product_tag":[81,629,627,626,628,630,152,31],"class_list":{"0":"post-1517","1":"product","2":"type-product","3":"status-publish","4":"has-post-thumbnail","6":"product_cat-sprzedane","7":"product_tag-lapis-lazuri","8":"product_tag-naszyjnik-w-stylu-boho","9":"product_tag-naszyjnik-z-blaszkami","10":"product_tag-naszyjnik-z-lapis-lazuri-i-zielonym-onyksem","11":"product_tag-naszyjnik-z-zawieszkami-i-kamieniami-naturalnymi","12":"product_tag-okragle-blaszki","13":"product_tag-zielony-onyks","14":"product_tag-zloty-hematyt","16":"first","17":"outofstock","18":"shipping-taxable","19":"product-type-simple"},"jetpack_sharing_enabled":true,"_links":{"self":[{"href":"https:\/\/koraledetale.pl\/index.php?rest_route=\/wp\/v2\/product\/1517","targetHints":{"allow":["GET"]}}],"collection":[{"href":"https:\/\/koraledetale.pl\/index.php?rest_route=\/wp\/v2\/product"}],"about":[{"href":"https:\/\/koraledetale.pl\/index.php?rest_route=\/wp\/v2\/types\/product"}],"replies":[{"embeddable":true,"href":"https:\/\/koraledetale.pl\/index.php?rest_route=%2Fwp%2Fv2%2Fcomments&post=1517"}],"wp:featuredmedia":[{"embeddable":true,"href":"https:\/\/koraledetale.pl\/index.php?rest_route=\/wp\/v2\/media\/1512"}],"wp:attachment":[{"href":"https:\/\/koraledetale.pl\/index.php?rest_route=%2Fwp%2Fv2%2Fmedia&parent=1517"}],"wp:term":[{"taxonomy":"product_brand","embeddable":true,"href":"https:\/\/koraledetale.pl\/index.php?rest_route=%2Fwp%2Fv2%2Fproduct_brand&post=1517"},{"taxonomy":"product_cat","embeddable":true,"href":"https:\/\/koraledetale.pl\/index.php?rest_route=%2Fwp%2Fv2%2Fproduct_cat&post=1517"},{"taxonomy":"product_tag","embeddable":true,"href":"https:\/\/koraledetale.pl\/index.php?rest_route=%2Fwp%2Fv2%2Fproduct_tag&post=1517"}],"curies":[{"name":"wp","href":"https:\/\/api.w.org\/{rel}","templated":true}]}}