{"id":1506,"date":"2021-11-02T13:37:56","date_gmt":"2021-11-02T13:37:56","guid":{"rendered":"https:\/\/koraledetale.pl\/?post_type=product&#038;p=1506"},"modified":"2024-11-11T20:55:01","modified_gmt":"2024-11-11T20:55:01","slug":"bransoletka-gypsy-z-lapis-lazuri-i-zielonym-onyksem","status":"publish","type":"product","link":"https:\/\/koraledetale.pl\/?product=bransoletka-gypsy-z-lapis-lazuri-i-zielonym-onyksem","title":{"rendered":"Bransoletka GYPSY z lapis lazuri i zielonym onyksem"},"content":{"rendered":"<p>Wielko\u015b\u0107 kamieni:<\/p>\n<ul>\n<li>lapis lazuri &#8211; 4 mm,<\/li>\n<li>onyks &#8211; 4,5 mm,<\/li>\n<li>hematyt &#8211; 4&#215;2 mm, 3,&#215;2,5 mm, 2&#215;2 mm i 2 mm.<\/li>\n<\/ul>\n<p>\u015arednica blaszek &#8211; 8 mm.<\/p>\n<p>D\u0142ugo\u015b\u0107 bransoletki &#8211; 17,5 cm.<\/p>\n","protected":false},"excerpt":{"rendered":"<p>Bransoletka w stylu boho z lapis lazuri, zielonym onyksem, z\u0142otymi hematytami, blaszkami i zawieszkami przy zapi\u0119ciu. Wszystkie elementy metalowe wykonane s\u0105 z nieuczulaj\u0105cej stali chirurgicznej (szlachetnej).<\/p>\n<p>&nbsp;<\/p>\n","protected":false},"featured_media":1508,"comment_status":"open","ping_status":"closed","template":"","meta":{"advanced_seo_description":"","jetpack_seo_html_title":"","jetpack_seo_noindex":false},"product_brand":[],"product_cat":[229],"product_tag":[621,80,620,503,81,152,31],"class_list":{"0":"post-1506","1":"product","2":"type-product","3":"status-publish","4":"has-post-thumbnail","6":"product_cat-sprzedane","7":"product_tag-bransoletka-z-blaszkami","8":"product_tag-bransoletka-z-kamieniami-naturalnymi","9":"product_tag-bransoletka-z-lapis-lazuri-i-zielonym-onyksem","10":"product_tag-bransoletka-z-zawieszkami","11":"product_tag-lapis-lazuri","12":"product_tag-zielony-onyks","13":"product_tag-zloty-hematyt","15":"first","16":"outofstock","17":"shipping-taxable","18":"product-type-simple"},"jetpack_sharing_enabled":true,"_links":{"self":[{"href":"https:\/\/koraledetale.pl\/index.php?rest_route=\/wp\/v2\/product\/1506","targetHints":{"allow":["GET"]}}],"collection":[{"href":"https:\/\/koraledetale.pl\/index.php?rest_route=\/wp\/v2\/product"}],"about":[{"href":"https:\/\/koraledetale.pl\/index.php?rest_route=\/wp\/v2\/types\/product"}],"replies":[{"embeddable":true,"href":"https:\/\/koraledetale.pl\/index.php?rest_route=%2Fwp%2Fv2%2Fcomments&post=1506"}],"wp:featuredmedia":[{"embeddable":true,"href":"https:\/\/koraledetale.pl\/index.php?rest_route=\/wp\/v2\/media\/1508"}],"wp:attachment":[{"href":"https:\/\/koraledetale.pl\/index.php?rest_route=%2Fwp%2Fv2%2Fmedia&parent=1506"}],"wp:term":[{"taxonomy":"product_brand","embeddable":true,"href":"https:\/\/koraledetale.pl\/index.php?rest_route=%2Fwp%2Fv2%2Fproduct_brand&post=1506"},{"taxonomy":"product_cat","embeddable":true,"href":"https:\/\/koraledetale.pl\/index.php?rest_route=%2Fwp%2Fv2%2Fproduct_cat&post=1506"},{"taxonomy":"product_tag","embeddable":true,"href":"https:\/\/koraledetale.pl\/index.php?rest_route=%2Fwp%2Fv2%2Fproduct_tag&post=1506"}],"curies":[{"name":"wp","href":"https:\/\/api.w.org\/{rel}","templated":true}]}}