{"id":1503,"date":"2021-10-29T11:52:56","date_gmt":"2021-10-29T11:52:56","guid":{"rendered":"https:\/\/koraledetale.pl\/?post_type=product&#038;p=1503"},"modified":"2024-11-11T20:55:15","modified_gmt":"2024-11-11T20:55:15","slug":"bransoletka-cukierek-z-hematytami","status":"publish","type":"product","link":"https:\/\/koraledetale.pl\/?product=bransoletka-cukierek-z-hematytami","title":{"rendered":"Bransoletka CUKIEREK z hematytami"},"content":{"rendered":"<p>Wielko\u015b\u0107 hematyt\u00f3w &#8211; 3,5 mm.<\/p>\n<p>D\u0142ugo\u015b\u0107 bransoletki \u2013 15,5 \u2013 20 cm.<\/p>\n","protected":false},"excerpt":{"rendered":"<p>Bransoletka na sznurku z kuleczkami srebrnego hematytu. \u015awietnie wygl\u0105da solo, ale stworzy te\u017c pi\u0119kny zestaw z innymi bransoletkami. D\u0142ugo\u015b\u0107 bransoletki jest regulowana poprzez przeci\u0105gni\u0119cie sznurk\u00f3w przez w\u0119ze\u0142 makramowy.<\/p>\n<p>&nbsp;<\/p>\n","protected":false},"featured_media":1499,"comment_status":"open","ping_status":"closed","template":"","meta":{"advanced_seo_description":"","jetpack_seo_html_title":"","jetpack_seo_noindex":false},"product_brand":[],"product_cat":[229],"product_tag":[46,619,26],"class_list":{"0":"post-1503","1":"product","2":"type-product","3":"status-publish","4":"has-post-thumbnail","6":"product_cat-sprzedane","7":"product_tag-bransoletka-na-sznurku","8":"product_tag-bransoletka-ze-srebrnymi-hematytami","9":"product_tag-srebrny-hematyt","11":"first","12":"outofstock","13":"shipping-taxable","14":"product-type-simple"},"jetpack_sharing_enabled":true,"_links":{"self":[{"href":"https:\/\/koraledetale.pl\/index.php?rest_route=\/wp\/v2\/product\/1503","targetHints":{"allow":["GET"]}}],"collection":[{"href":"https:\/\/koraledetale.pl\/index.php?rest_route=\/wp\/v2\/product"}],"about":[{"href":"https:\/\/koraledetale.pl\/index.php?rest_route=\/wp\/v2\/types\/product"}],"replies":[{"embeddable":true,"href":"https:\/\/koraledetale.pl\/index.php?rest_route=%2Fwp%2Fv2%2Fcomments&post=1503"}],"wp:featuredmedia":[{"embeddable":true,"href":"https:\/\/koraledetale.pl\/index.php?rest_route=\/wp\/v2\/media\/1499"}],"wp:attachment":[{"href":"https:\/\/koraledetale.pl\/index.php?rest_route=%2Fwp%2Fv2%2Fmedia&parent=1503"}],"wp:term":[{"taxonomy":"product_brand","embeddable":true,"href":"https:\/\/koraledetale.pl\/index.php?rest_route=%2Fwp%2Fv2%2Fproduct_brand&post=1503"},{"taxonomy":"product_cat","embeddable":true,"href":"https:\/\/koraledetale.pl\/index.php?rest_route=%2Fwp%2Fv2%2Fproduct_cat&post=1503"},{"taxonomy":"product_tag","embeddable":true,"href":"https:\/\/koraledetale.pl\/index.php?rest_route=%2Fwp%2Fv2%2Fproduct_tag&post=1503"}],"curies":[{"name":"wp","href":"https:\/\/api.w.org\/{rel}","templated":true}]}}