{"id":1496,"date":"2021-10-29T11:45:56","date_gmt":"2021-10-29T11:45:56","guid":{"rendered":"https:\/\/koraledetale.pl\/?post_type=product&#038;p=1496"},"modified":"2024-11-11T20:55:25","modified_gmt":"2024-11-11T20:55:25","slug":"bransoletka-psikus-z-hematytami","status":"publish","type":"product","link":"https:\/\/koraledetale.pl\/?product=bransoletka-psikus-z-hematytami","title":{"rendered":"Bransoletka PSIKUS z hematytami"},"content":{"rendered":"<p>Wielko\u015b\u0107 hematyt\u00f3w:<\/p>\n<ul>\n<li>grafitowy &#8211; 4&#215;2,5 mm,<\/li>\n<li>srebrny &#8211; 4&#215;2 mm i 2 mm.<\/li>\n<\/ul>\n<p>\u015arednica \u0142a\u0144cucha &#8211; 3 mm.<\/p>\n<p>Wielko\u015b\u0107 zawieszki &#8211; 19&#215;11 mm.<\/p>\n<p>D\u0142ugo\u015b\u0107 bransoletki &#8211; 15,5 &#8211; 19 cm.<\/p>\n","protected":false},"excerpt":{"rendered":"<p>Podw\u00f3jna bransoletka z grafitowych i srebrnych hematyt\u00f3w z grubym \u0142a\u0144cuszkiem i zawieszk\u0105 CALAVERAS, czyli meksyka\u0144sk\u0105 czaszk\u0105. Wszystkie elementy metalowe wykonane s\u0105 z nieuczulaj\u0105cej stali chirurgicznej (szlachetnej).<\/p>\n","protected":false},"featured_media":1498,"comment_status":"open","ping_status":"closed","template":"","meta":{"advanced_seo_description":"","jetpack_seo_html_title":"","jetpack_seo_noindex":false},"product_brand":[],"product_cat":[229],"product_tag":[153,617,618,67,142],"class_list":{"0":"post-1496","1":"product","2":"type-product","3":"status-publish","4":"has-post-thumbnail","6":"product_cat-sprzedane","7":"product_tag-bransoletka-z-hematytow","8":"product_tag-bransoletka-z-meksykanska-czaszka","9":"product_tag-calaveras","10":"product_tag-hematyt","11":"product_tag-lancuszek","13":"first","14":"outofstock","15":"shipping-taxable","16":"product-type-simple"},"jetpack_sharing_enabled":true,"_links":{"self":[{"href":"https:\/\/koraledetale.pl\/index.php?rest_route=\/wp\/v2\/product\/1496","targetHints":{"allow":["GET"]}}],"collection":[{"href":"https:\/\/koraledetale.pl\/index.php?rest_route=\/wp\/v2\/product"}],"about":[{"href":"https:\/\/koraledetale.pl\/index.php?rest_route=\/wp\/v2\/types\/product"}],"replies":[{"embeddable":true,"href":"https:\/\/koraledetale.pl\/index.php?rest_route=%2Fwp%2Fv2%2Fcomments&post=1496"}],"wp:featuredmedia":[{"embeddable":true,"href":"https:\/\/koraledetale.pl\/index.php?rest_route=\/wp\/v2\/media\/1498"}],"wp:attachment":[{"href":"https:\/\/koraledetale.pl\/index.php?rest_route=%2Fwp%2Fv2%2Fmedia&parent=1496"}],"wp:term":[{"taxonomy":"product_brand","embeddable":true,"href":"https:\/\/koraledetale.pl\/index.php?rest_route=%2Fwp%2Fv2%2Fproduct_brand&post=1496"},{"taxonomy":"product_cat","embeddable":true,"href":"https:\/\/koraledetale.pl\/index.php?rest_route=%2Fwp%2Fv2%2Fproduct_cat&post=1496"},{"taxonomy":"product_tag","embeddable":true,"href":"https:\/\/koraledetale.pl\/index.php?rest_route=%2Fwp%2Fv2%2Fproduct_tag&post=1496"}],"curies":[{"name":"wp","href":"https:\/\/api.w.org\/{rel}","templated":true}]}}