{"id":1478,"date":"2021-10-27T08:46:35","date_gmt":"2021-10-27T08:46:35","guid":{"rendered":"https:\/\/koraledetale.pl\/?post_type=product&#038;p=1478"},"modified":"2022-03-08T12:08:28","modified_gmt":"2022-03-08T12:08:28","slug":"naszyjnik-lzy-jednorozca-z-rozowymi-perlami","status":"publish","type":"product","link":"https:\/\/koraledetale.pl\/?product=naszyjnik-lzy-jednorozca-z-rozowymi-perlami","title":{"rendered":"Naszyjnik \u0141ZY JEDNORO\u017bCA z r\u00f3\u017cowymi per\u0142ami"},"content":{"rendered":"<p>Wielko\u015b\u0107 kamieni:<\/p>\n<ul>\n<li>per\u0142a &#8211; ok. 8&#215;4 mm,<\/li>\n<li>hematyt &#8211; 2\u00a0 mm.<\/li>\n<\/ul>\n<p>D\u0142ugo\u015b\u0107 naszyjnika: 36 &#8211; 40 cm + zawieszka 1,3 cm.<\/p>\n<p>&nbsp;<\/p>\n","protected":false},"excerpt":{"rendered":"<p>Delikatny naszyjnik na jedwabiu z zawieszk\u0105 stylizowan\u0105 na medalik, r\u00f3\u017cowymi per\u0142ami i z\u0142otymi hematytami. Naszyjnik ma przed\u0142u\u017ck\u0119 umo\u017cliwiaj\u0105c\u0105 regulacj\u0119 d\u0142ugo\u015bci. Wszystkie elementy metalowe wykonane s\u0105 z nieuczulaj\u0105cej stali chirurgicznej (szlachetnej).<\/p>\n","protected":false},"featured_media":1481,"comment_status":"open","ping_status":"closed","template":"","meta":{"advanced_seo_description":"","jetpack_seo_html_title":"","jetpack_seo_noindex":false},"product_brand":[],"product_cat":[229],"product_tag":[614,613,611,388,612,75,72,31],"class_list":{"0":"post-1478","1":"product","2":"type-product","3":"status-publish","4":"has-post-thumbnail","6":"product_cat-sprzedane","7":"product_tag-delikatny-choker-z-kamieniami-naturalnymi","8":"product_tag-medalik","9":"product_tag-naszyjnik-na-jedwabnej-nitce-z-perlami","10":"product_tag-naszyjnik-na-sznureczku","11":"product_tag-naszyjnik-z-rozowa-perla-i-medalikiem","12":"product_tag-rozowa-perla","13":"product_tag-zawieszka","14":"product_tag-zloty-hematyt","16":"first","17":"outofstock","18":"shipping-taxable","19":"purchasable","20":"product-type-simple"},"jetpack_sharing_enabled":true,"_links":{"self":[{"href":"https:\/\/koraledetale.pl\/index.php?rest_route=\/wp\/v2\/product\/1478","targetHints":{"allow":["GET"]}}],"collection":[{"href":"https:\/\/koraledetale.pl\/index.php?rest_route=\/wp\/v2\/product"}],"about":[{"href":"https:\/\/koraledetale.pl\/index.php?rest_route=\/wp\/v2\/types\/product"}],"replies":[{"embeddable":true,"href":"https:\/\/koraledetale.pl\/index.php?rest_route=%2Fwp%2Fv2%2Fcomments&post=1478"}],"wp:featuredmedia":[{"embeddable":true,"href":"https:\/\/koraledetale.pl\/index.php?rest_route=\/wp\/v2\/media\/1481"}],"wp:attachment":[{"href":"https:\/\/koraledetale.pl\/index.php?rest_route=%2Fwp%2Fv2%2Fmedia&parent=1478"}],"wp:term":[{"taxonomy":"product_brand","embeddable":true,"href":"https:\/\/koraledetale.pl\/index.php?rest_route=%2Fwp%2Fv2%2Fproduct_brand&post=1478"},{"taxonomy":"product_cat","embeddable":true,"href":"https:\/\/koraledetale.pl\/index.php?rest_route=%2Fwp%2Fv2%2Fproduct_cat&post=1478"},{"taxonomy":"product_tag","embeddable":true,"href":"https:\/\/koraledetale.pl\/index.php?rest_route=%2Fwp%2Fv2%2Fproduct_tag&post=1478"}],"curies":[{"name":"wp","href":"https:\/\/api.w.org\/{rel}","templated":true}]}}