{"id":1475,"date":"2021-10-26T12:46:22","date_gmt":"2021-10-26T12:46:22","guid":{"rendered":"https:\/\/koraledetale.pl\/?post_type=product&#038;p=1475"},"modified":"2022-10-26T12:22:06","modified_gmt":"2022-10-26T12:22:06","slug":"bransoletka-promienie-kosmiczne-ze-spinelem-i-granatem","status":"publish","type":"product","link":"https:\/\/koraledetale.pl\/?product=bransoletka-promienie-kosmiczne-ze-spinelem-i-granatem","title":{"rendered":"Bransoletka PROMIENIE KOSMICZNE ze spinelem i granatem"},"content":{"rendered":"<p>Wielko\u015b\u0107 kamieni:<\/p>\n<ul>\n<li>spinel \u2013 2 mm,<\/li>\n<li>granat \u2013 3 mm, przy zawieszce \u2013 4 mm,<\/li>\n<li>hematyt \u2013 2\u00d71 mm, 2 mm.<\/li>\n<\/ul>\n<p>D\u0142ugo\u015b\u0107 bransoletki: 15,5 &#8211; 18,5 cm.<\/p>\n","protected":false},"excerpt":{"rendered":"<p>Bransoletka z drobnych spineli przeplatanych z\u0142otymi hematytami z granatem w centrum.\u00a0 Kamienie zasupe\u0142kowane s\u0105 na czerwonej, mocnej nici jubilerskiej. Zapi\u0119cie i przed\u0142u\u017cka wykonane s\u0105 z nieuczulaj\u0105cej stali chirurgicznej (szlachetnej).<\/p>\n","protected":false},"featured_media":1468,"comment_status":"open","ping_status":"closed","template":"","meta":{"advanced_seo_description":"","jetpack_seo_html_title":"","jetpack_seo_noindex":false},"product_brand":[],"product_cat":[229],"product_tag":[608,609,607,606,71,610,31],"class_list":{"0":"post-1475","1":"product","2":"type-product","3":"status-publish","4":"has-post-thumbnail","6":"product_cat-sprzedane","7":"product_tag-bransoletka-z-czarnych-kamieni","8":"product_tag-bransoletka-z-kamieni-naturalnych-na-czerwonej-nitce","9":"product_tag-bransoletka-ze-spineli-i-granatow-na-czerwonej-nitce","10":"product_tag-czerwona-nitka","11":"product_tag-granat","12":"product_tag-spinej","13":"product_tag-zloty-hematyt","15":"first","16":"outofstock","17":"shipping-taxable","18":"purchasable","19":"product-type-simple"},"jetpack_sharing_enabled":true,"_links":{"self":[{"href":"https:\/\/koraledetale.pl\/index.php?rest_route=\/wp\/v2\/product\/1475","targetHints":{"allow":["GET"]}}],"collection":[{"href":"https:\/\/koraledetale.pl\/index.php?rest_route=\/wp\/v2\/product"}],"about":[{"href":"https:\/\/koraledetale.pl\/index.php?rest_route=\/wp\/v2\/types\/product"}],"replies":[{"embeddable":true,"href":"https:\/\/koraledetale.pl\/index.php?rest_route=%2Fwp%2Fv2%2Fcomments&post=1475"}],"wp:featuredmedia":[{"embeddable":true,"href":"https:\/\/koraledetale.pl\/index.php?rest_route=\/wp\/v2\/media\/1468"}],"wp:attachment":[{"href":"https:\/\/koraledetale.pl\/index.php?rest_route=%2Fwp%2Fv2%2Fmedia&parent=1475"}],"wp:term":[{"taxonomy":"product_brand","embeddable":true,"href":"https:\/\/koraledetale.pl\/index.php?rest_route=%2Fwp%2Fv2%2Fproduct_brand&post=1475"},{"taxonomy":"product_cat","embeddable":true,"href":"https:\/\/koraledetale.pl\/index.php?rest_route=%2Fwp%2Fv2%2Fproduct_cat&post=1475"},{"taxonomy":"product_tag","embeddable":true,"href":"https:\/\/koraledetale.pl\/index.php?rest_route=%2Fwp%2Fv2%2Fproduct_tag&post=1475"}],"curies":[{"name":"wp","href":"https:\/\/api.w.org\/{rel}","templated":true}]}}