{"id":1465,"date":"2021-10-21T12:54:29","date_gmt":"2021-10-21T12:54:29","guid":{"rendered":"https:\/\/koraledetale.pl\/?post_type=product&#038;p=1465"},"modified":"2022-12-12T15:21:40","modified_gmt":"2022-12-12T15:21:40","slug":"kolczyki-z-labradorytami-i-turmalinami-2","status":"publish","type":"product","link":"https:\/\/koraledetale.pl\/?product=kolczyki-z-labradorytami-i-turmalinami-2","title":{"rendered":"Kolczyki z labradorytami i turmalinami"},"content":{"rendered":"<p>Wielko\u015b\u0107 kamieni:<\/p>\n<ul>\n<li>labradoryt \u2013 6\u00d76 mm,<\/li>\n<li>turmalin \u2013 3,5\u00d73 mm,<\/li>\n<li>hematyt \u2013 3,5\u00d72,5 mm, 2 mm.<\/li>\n<\/ul>\n<p>D\u0142ugo\u015b\u0107 koczyk\u00f3w &#8211; 2 cm.<\/p>\n","protected":false},"excerpt":{"rendered":"<p>Kr\u00f3tkie kolczyki na sztyftach z kosteczkami labradorytu, r\u00f3\u017cowymi turmalinami i srebrnymi hematytami. Wszystkie elementy metalowe wykonane s\u0105 ze stali chirurgicznej (szlachetnej).<\/p>\n","protected":false},"featured_media":1460,"comment_status":"open","ping_status":"closed","template":"","meta":{"advanced_seo_description":"","jetpack_seo_html_title":"","jetpack_seo_noindex":false},"product_brand":[],"product_cat":[229],"product_tag":[602,107,108,603],"class_list":{"0":"post-1465","1":"product","2":"type-product","3":"status-publish","4":"has-post-thumbnail","6":"product_cat-sprzedane","7":"product_tag-kolczyki-na-sztyfcie-z-labradorytami-i-turmalinami","8":"product_tag-kolczyki-ze-stali-chirurgicznej","9":"product_tag-kolczyki-ze-stali-szlachetnej","10":"product_tag-krotkie-kolczyki-z-kamieniami-naturalnymi","12":"first","13":"outofstock","14":"shipping-taxable","15":"purchasable","16":"product-type-simple"},"jetpack_sharing_enabled":true,"_links":{"self":[{"href":"https:\/\/koraledetale.pl\/index.php?rest_route=\/wp\/v2\/product\/1465","targetHints":{"allow":["GET"]}}],"collection":[{"href":"https:\/\/koraledetale.pl\/index.php?rest_route=\/wp\/v2\/product"}],"about":[{"href":"https:\/\/koraledetale.pl\/index.php?rest_route=\/wp\/v2\/types\/product"}],"replies":[{"embeddable":true,"href":"https:\/\/koraledetale.pl\/index.php?rest_route=%2Fwp%2Fv2%2Fcomments&post=1465"}],"wp:featuredmedia":[{"embeddable":true,"href":"https:\/\/koraledetale.pl\/index.php?rest_route=\/wp\/v2\/media\/1460"}],"wp:attachment":[{"href":"https:\/\/koraledetale.pl\/index.php?rest_route=%2Fwp%2Fv2%2Fmedia&parent=1465"}],"wp:term":[{"taxonomy":"product_brand","embeddable":true,"href":"https:\/\/koraledetale.pl\/index.php?rest_route=%2Fwp%2Fv2%2Fproduct_brand&post=1465"},{"taxonomy":"product_cat","embeddable":true,"href":"https:\/\/koraledetale.pl\/index.php?rest_route=%2Fwp%2Fv2%2Fproduct_cat&post=1465"},{"taxonomy":"product_tag","embeddable":true,"href":"https:\/\/koraledetale.pl\/index.php?rest_route=%2Fwp%2Fv2%2Fproduct_tag&post=1465"}],"curies":[{"name":"wp","href":"https:\/\/api.w.org\/{rel}","templated":true}]}}