{"id":1458,"date":"2021-10-21T12:45:32","date_gmt":"2021-10-21T12:45:32","guid":{"rendered":"https:\/\/koraledetale.pl\/?post_type=product&#038;p=1458"},"modified":"2024-11-11T20:46:12","modified_gmt":"2024-11-11T20:46:12","slug":"kolczyki-z-labradorytami-i-turmalinami","status":"publish","type":"product","link":"https:\/\/koraledetale.pl\/?product=kolczyki-z-labradorytami-i-turmalinami","title":{"rendered":"\u0141a\u0144cuszek z labradorytem i turmalinami"},"content":{"rendered":"<p>Wielko\u015b\u0107 kamieni:<\/p>\n<ul>\n<li>labradoryt &#8211; 6&#215;6 mm,<\/li>\n<li>turmalin &#8211; 3,5&#215;3 mm,<\/li>\n<li>hematyt &#8211; 3,5&#215;2,5 mm, 2 mm.<\/li>\n<\/ul>\n<p>D\u0142ugo\u015b\u0107 \u0142a\u0144cuszka: 42 cm + zawieszka 3 cm.<\/p>\n","protected":false},"excerpt":{"rendered":"<p>\u0141a\u0144cuszek z okr\u0105g\u0142\u0105 zawieszk\u0105 z kostk\u0105 labradorytu, turmalinem i srebrnymi hematytami oraz dwiema zawieszkami z turmalinem po bokach. Wszystkie elementy metalowe wykonane s\u0105 z nieuczulaj\u0105cej stali chirurgicznej (szlachetnej).<\/p>\n","protected":false},"featured_media":1459,"comment_status":"open","ping_status":"closed","template":"","meta":{"advanced_seo_description":"","jetpack_seo_html_title":"","jetpack_seo_noindex":false},"product_brand":[],"product_cat":[229],"product_tag":[56,59,26,197,601],"class_list":{"0":"post-1458","1":"product","2":"type-product","3":"status-publish","4":"has-post-thumbnail","6":"product_cat-sprzedane","7":"product_tag-labradoryt","8":"product_tag-rozowy-turmalin","9":"product_tag-srebrny-hematyt","10":"product_tag-lancuszek-z-kamieniami-naturalnymi","11":"product_tag-lancuszek-z-labradorytem-i-rozowym-turmalinem","13":"first","14":"outofstock","15":"shipping-taxable","16":"product-type-simple"},"jetpack_sharing_enabled":true,"_links":{"self":[{"href":"https:\/\/koraledetale.pl\/index.php?rest_route=\/wp\/v2\/product\/1458","targetHints":{"allow":["GET"]}}],"collection":[{"href":"https:\/\/koraledetale.pl\/index.php?rest_route=\/wp\/v2\/product"}],"about":[{"href":"https:\/\/koraledetale.pl\/index.php?rest_route=\/wp\/v2\/types\/product"}],"replies":[{"embeddable":true,"href":"https:\/\/koraledetale.pl\/index.php?rest_route=%2Fwp%2Fv2%2Fcomments&post=1458"}],"wp:featuredmedia":[{"embeddable":true,"href":"https:\/\/koraledetale.pl\/index.php?rest_route=\/wp\/v2\/media\/1459"}],"wp:attachment":[{"href":"https:\/\/koraledetale.pl\/index.php?rest_route=%2Fwp%2Fv2%2Fmedia&parent=1458"}],"wp:term":[{"taxonomy":"product_brand","embeddable":true,"href":"https:\/\/koraledetale.pl\/index.php?rest_route=%2Fwp%2Fv2%2Fproduct_brand&post=1458"},{"taxonomy":"product_cat","embeddable":true,"href":"https:\/\/koraledetale.pl\/index.php?rest_route=%2Fwp%2Fv2%2Fproduct_cat&post=1458"},{"taxonomy":"product_tag","embeddable":true,"href":"https:\/\/koraledetale.pl\/index.php?rest_route=%2Fwp%2Fv2%2Fproduct_tag&post=1458"}],"curies":[{"name":"wp","href":"https:\/\/api.w.org\/{rel}","templated":true}]}}