{"id":1442,"date":"2021-10-16T17:55:14","date_gmt":"2021-10-16T17:55:14","guid":{"rendered":"https:\/\/koraledetale.pl\/?post_type=product&#038;p=1442"},"modified":"2024-11-11T20:46:27","modified_gmt":"2024-11-11T20:46:27","slug":"naszyjnik-surowy-cytryn","status":"publish","type":"product","link":"https:\/\/koraledetale.pl\/?product=naszyjnik-surowy-cytryn","title":{"rendered":"Naszyjnik SUROWY CYTRYN"},"content":{"rendered":"<p>Wielko\u015b\u0107 kamieni:<\/p>\n<ul>\n<li>cytryn \u2013 39x14x8 mm.<\/li>\n<\/ul>\n<p>D\u0142ugo\u015b\u0107 naszyjnika: 39 \u2013 65 cm.<\/p>\n<p>Cytryn jest kamieniem odwagi, klarownych my\u015bli i sprawnej komunikacji. Dodatkowo poprawia trawienie, wspomaga prawid\u0142ow\u0105 prac\u0119 organ\u00f3w wewn\u0119trznych bior\u0105cych w nim udzia\u0142.<\/p>\n","protected":false},"excerpt":{"rendered":"<p>Du\u017cy, niemal surowy (lekko przeszlifowany) cytryn na br\u0105zowym sznurku jubilerskim, z wplecionymi z\u0142otymi kuleczkami ze stali chirurgicznej (szlachetnej). Naszyjnik mo\u017cesz nosi\u0107 jako kr\u00f3tki, \u015bredniej d\u0142ugo\u015bci lub d\u0142ugi, w zale\u017cno\u015bci od potrzeby, a jego d\u0142ugo\u015b\u0107 wyregulujesz przeci\u0105gaj\u0105c kulk\u0105 po sznurku .<\/p>\n","protected":false},"featured_media":1433,"comment_status":"open","ping_status":"closed","template":"","meta":{"advanced_seo_description":"","jetpack_seo_html_title":"","jetpack_seo_noindex":false},"product_brand":[],"product_cat":[229],"product_tag":[193,598,597],"class_list":{"0":"post-1442","1":"product","2":"type-product","3":"status-publish","4":"has-post-thumbnail","6":"product_cat-sprzedane","7":"product_tag-cytryn","8":"product_tag-cytryn-na-sznurku","9":"product_tag-naszyjnik-z-duzym-cytrynem","11":"first","12":"outofstock","13":"shipping-taxable","14":"product-type-simple"},"jetpack_sharing_enabled":true,"_links":{"self":[{"href":"https:\/\/koraledetale.pl\/index.php?rest_route=\/wp\/v2\/product\/1442","targetHints":{"allow":["GET"]}}],"collection":[{"href":"https:\/\/koraledetale.pl\/index.php?rest_route=\/wp\/v2\/product"}],"about":[{"href":"https:\/\/koraledetale.pl\/index.php?rest_route=\/wp\/v2\/types\/product"}],"replies":[{"embeddable":true,"href":"https:\/\/koraledetale.pl\/index.php?rest_route=%2Fwp%2Fv2%2Fcomments&post=1442"}],"wp:featuredmedia":[{"embeddable":true,"href":"https:\/\/koraledetale.pl\/index.php?rest_route=\/wp\/v2\/media\/1433"}],"wp:attachment":[{"href":"https:\/\/koraledetale.pl\/index.php?rest_route=%2Fwp%2Fv2%2Fmedia&parent=1442"}],"wp:term":[{"taxonomy":"product_brand","embeddable":true,"href":"https:\/\/koraledetale.pl\/index.php?rest_route=%2Fwp%2Fv2%2Fproduct_brand&post=1442"},{"taxonomy":"product_cat","embeddable":true,"href":"https:\/\/koraledetale.pl\/index.php?rest_route=%2Fwp%2Fv2%2Fproduct_cat&post=1442"},{"taxonomy":"product_tag","embeddable":true,"href":"https:\/\/koraledetale.pl\/index.php?rest_route=%2Fwp%2Fv2%2Fproduct_tag&post=1442"}],"curies":[{"name":"wp","href":"https:\/\/api.w.org\/{rel}","templated":true}]}}