{"id":1440,"date":"2021-10-16T17:46:55","date_gmt":"2021-10-16T17:46:55","guid":{"rendered":"https:\/\/koraledetale.pl\/?post_type=product&#038;p=1440"},"modified":"2024-11-11T20:46:47","modified_gmt":"2024-11-11T20:46:47","slug":"naszyjnik-surowy-kwarc","status":"publish","type":"product","link":"https:\/\/koraledetale.pl\/?product=naszyjnik-surowy-kwarc","title":{"rendered":"Naszyjnik SUROWY KWARC"},"content":{"rendered":"<p>Wielko\u015b\u0107 kamieni:<\/p>\n<ul>\n<li>kwarc \u2013 27x14x9 mm,<\/li>\n<li>hematyt \u2013 3,5 mm.<\/li>\n<\/ul>\n<p>D\u0142ugo\u015b\u0107 naszyjnika: 45 \u2013 85 cm.<\/p>\n<p>R\u00f3\u017cowy kwarc jest kamieniem mi\u0142o\u015bci &#8211; do siebie, do innych i otaczaj\u0105cego \u015bwiata. Jest r\u00f3wnie\u017c kamieniem p\u0142odno\u015bci. \u0141agodzi stres, uwra\u017cliwia na uczucia innych, pomaga w podejmowaniu s\u0142usznych decyzji.<\/p>\n","protected":false},"excerpt":{"rendered":"<p>Du\u017cy, niemal surowy (lekko przeszlifowany) r\u00f3\u017cowy kwarc na czarnym sznurku jubilerskim, z wplecionymi srebrnymi hematytami. Naszyjnik mo\u017cesz nosi\u0107 jako kr\u00f3tki, \u015bredniej d\u0142ugo\u015bci lub d\u0142ugi, w zale\u017cno\u015bci od potrzeby, a jego d\u0142ugo\u015b\u0107 wyregulujesz przeci\u0105gaj\u0105c sznurki przez w\u0119ze\u0142 makramowy.<\/p>\n","protected":false},"featured_media":1438,"comment_status":"open","ping_status":"closed","template":"","meta":{"advanced_seo_description":"","jetpack_seo_html_title":"","jetpack_seo_noindex":false},"product_brand":[],"product_cat":[229],"product_tag":[215,70,596,26],"class_list":{"0":"post-1440","1":"product","2":"type-product","3":"status-publish","4":"has-post-thumbnail","6":"product_cat-sprzedane","7":"product_tag-naszyjnik-z-rozowym-kwarcem","8":"product_tag-rozowy-kwarc","9":"product_tag-rozowy-kwarc-na-sznurku","10":"product_tag-srebrny-hematyt","12":"first","13":"outofstock","14":"shipping-taxable","15":"product-type-simple"},"jetpack_sharing_enabled":true,"_links":{"self":[{"href":"https:\/\/koraledetale.pl\/index.php?rest_route=\/wp\/v2\/product\/1440","targetHints":{"allow":["GET"]}}],"collection":[{"href":"https:\/\/koraledetale.pl\/index.php?rest_route=\/wp\/v2\/product"}],"about":[{"href":"https:\/\/koraledetale.pl\/index.php?rest_route=\/wp\/v2\/types\/product"}],"replies":[{"embeddable":true,"href":"https:\/\/koraledetale.pl\/index.php?rest_route=%2Fwp%2Fv2%2Fcomments&post=1440"}],"wp:featuredmedia":[{"embeddable":true,"href":"https:\/\/koraledetale.pl\/index.php?rest_route=\/wp\/v2\/media\/1438"}],"wp:attachment":[{"href":"https:\/\/koraledetale.pl\/index.php?rest_route=%2Fwp%2Fv2%2Fmedia&parent=1440"}],"wp:term":[{"taxonomy":"product_brand","embeddable":true,"href":"https:\/\/koraledetale.pl\/index.php?rest_route=%2Fwp%2Fv2%2Fproduct_brand&post=1440"},{"taxonomy":"product_cat","embeddable":true,"href":"https:\/\/koraledetale.pl\/index.php?rest_route=%2Fwp%2Fv2%2Fproduct_cat&post=1440"},{"taxonomy":"product_tag","embeddable":true,"href":"https:\/\/koraledetale.pl\/index.php?rest_route=%2Fwp%2Fv2%2Fproduct_tag&post=1440"}],"curies":[{"name":"wp","href":"https:\/\/api.w.org\/{rel}","templated":true}]}}