{"id":1429,"date":"2021-10-16T17:39:34","date_gmt":"2021-10-16T17:39:34","guid":{"rendered":"https:\/\/koraledetale.pl\/?post_type=product&#038;p=1429"},"modified":"2024-11-11T20:46:57","modified_gmt":"2024-11-11T20:46:57","slug":"naszyjnik-surowy-amazonit","status":"publish","type":"product","link":"https:\/\/koraledetale.pl\/?product=naszyjnik-surowy-amazonit","title":{"rendered":"Naszyjnik SUROWY AMAZONIT"},"content":{"rendered":"<p>Wielko\u015b\u0107 kamieni:<\/p>\n<ul>\n<li>amazonit &#8211; 36x12x8 mm,<\/li>\n<li>hematyt &#8211; 3,5&#215;2,5 mm.<\/li>\n<\/ul>\n<p>D\u0142ugo\u015b\u0107 naszyjnika: 40 &#8211; 82 cm.<\/p>\n<p>Amazonit jest kamieniem pomagaj\u0105cym osi\u0105gn\u0105\u0107 stan g\u0142\u0119bokiego relaksu. Odp\u0119dza smutek i przygn\u0119bienie, pomaga odzyska\u0107 r\u00f3wnowag\u0119 po zawirowaniach \u017cyciowych i otwiera na mi\u0142o\u015b\u0107.<\/p>\n","protected":false},"excerpt":{"rendered":"<p>Du\u017cy, niemal surowy (lekko przeszlifowany) amazonit na pomara\u0144czowej, mocnej nici jubilerskiej, z wplecionymi z\u0142otymi hematytami. Odcie\u0144 nici idealnie wsp\u00f3\u0142gra z kolorem \u017cy\u0142ek zatopionych w amazonicie. Naszyjnik mo\u017cesz nosi\u0107 jako kr\u00f3tki, \u015bredniej d\u0142ugo\u015bci lub d\u0142ugi, w zale\u017cno\u015bci od potrzeby, a jego d\u0142ugo\u015b\u0107 wyregulujesz przeci\u0105gaj\u0105c nici przez w\u0119ze\u0142 makramowy.<\/p>\n","protected":false},"featured_media":1432,"comment_status":"open","ping_status":"closed","template":"","meta":{"advanced_seo_description":"","jetpack_seo_html_title":"","jetpack_seo_noindex":false},"product_brand":[],"product_cat":[229],"product_tag":[53,594,595,31],"class_list":{"0":"post-1429","1":"product","2":"type-product","3":"status-publish","4":"has-post-thumbnail","6":"product_cat-sprzedane","7":"product_tag-amazonit","8":"product_tag-naszyjnik-z-amazonitem","9":"product_tag-naszyjnik-z-kamieniem-na-sznurku","10":"product_tag-zloty-hematyt","12":"first","13":"outofstock","14":"shipping-taxable","15":"product-type-simple"},"jetpack_sharing_enabled":true,"_links":{"self":[{"href":"https:\/\/koraledetale.pl\/index.php?rest_route=\/wp\/v2\/product\/1429","targetHints":{"allow":["GET"]}}],"collection":[{"href":"https:\/\/koraledetale.pl\/index.php?rest_route=\/wp\/v2\/product"}],"about":[{"href":"https:\/\/koraledetale.pl\/index.php?rest_route=\/wp\/v2\/types\/product"}],"replies":[{"embeddable":true,"href":"https:\/\/koraledetale.pl\/index.php?rest_route=%2Fwp%2Fv2%2Fcomments&post=1429"}],"wp:featuredmedia":[{"embeddable":true,"href":"https:\/\/koraledetale.pl\/index.php?rest_route=\/wp\/v2\/media\/1432"}],"wp:attachment":[{"href":"https:\/\/koraledetale.pl\/index.php?rest_route=%2Fwp%2Fv2%2Fmedia&parent=1429"}],"wp:term":[{"taxonomy":"product_brand","embeddable":true,"href":"https:\/\/koraledetale.pl\/index.php?rest_route=%2Fwp%2Fv2%2Fproduct_brand&post=1429"},{"taxonomy":"product_cat","embeddable":true,"href":"https:\/\/koraledetale.pl\/index.php?rest_route=%2Fwp%2Fv2%2Fproduct_cat&post=1429"},{"taxonomy":"product_tag","embeddable":true,"href":"https:\/\/koraledetale.pl\/index.php?rest_route=%2Fwp%2Fv2%2Fproduct_tag&post=1429"}],"curies":[{"name":"wp","href":"https:\/\/api.w.org\/{rel}","templated":true}]}}