{"id":1407,"date":"2021-10-13T11:55:49","date_gmt":"2021-10-13T11:55:49","guid":{"rendered":"https:\/\/koraledetale.pl\/?post_type=product&#038;p=1407"},"modified":"2023-03-28T09:05:45","modified_gmt":"2023-03-28T09:05:45","slug":"pierscionek-krzyz-na-agacie","status":"publish","type":"product","link":"https:\/\/koraledetale.pl\/?product=pierscionek-krzyz-na-agacie","title":{"rendered":"Pier\u015bcionek KRZY\u017b NA SPINELU"},"content":{"rendered":"<p>Wielko\u015b\u0107 kamieni:<\/p>\n<ul>\n<li>agat \u2013 2,5 mm,<\/li>\n<li>hematyt \u2013 2 mm.<\/li>\n<\/ul>\n<p>Rozmiar zawieszki \u2013 7&#215;4 mm.<\/p>\n<p>Rozmiar pier\u015bcionka: 15-16. Mo\u017cliwe jest zam\u00f3wienie pier\u015bcionka w innym rozmiarze \u2013 napisz w uwagach do zam\u00f3wienia jaki rozmiar Ci\u0119 interesuje.<\/p>\n","protected":false},"excerpt":{"rendered":"<p>Elastyczny pier\u015bcionek z czarnych agat\u00f3w z \u0142a\u0144cuszkiem i zawieszk\u0105 \u2013 krzy\u017cykiem.\u00a0 Wszystkie elementy metalowe wykonane s\u0105 ze stali chirurgicznej (szlachetnej).<\/p>\n","protected":false},"featured_media":1373,"comment_status":"open","ping_status":"closed","template":"","meta":{"advanced_seo_description":"","jetpack_seo_html_title":"","jetpack_seo_noindex":false},"product_brand":[],"product_cat":[19],"product_tag":[78,575,201,577,576,73,31],"class_list":{"0":"post-1407","1":"product","2":"type-product","3":"status-publish","4":"has-post-thumbnail","6":"product_cat-pierscionki","7":"product_tag-czarny-agat","8":"product_tag-elastyczny-pierscionek-z-czarnymi-agatami","9":"product_tag-krzyzyk","10":"product_tag-pierscionek-z-czarnymi-kamieniami","11":"product_tag-pierscionek-z-krzyzykiem","12":"product_tag-pierscionek-z-zawieszka","13":"product_tag-zloty-hematyt","15":"first","16":"instock","17":"shipping-taxable","18":"purchasable","19":"product-type-simple"},"jetpack_sharing_enabled":true,"_links":{"self":[{"href":"https:\/\/koraledetale.pl\/index.php?rest_route=\/wp\/v2\/product\/1407","targetHints":{"allow":["GET"]}}],"collection":[{"href":"https:\/\/koraledetale.pl\/index.php?rest_route=\/wp\/v2\/product"}],"about":[{"href":"https:\/\/koraledetale.pl\/index.php?rest_route=\/wp\/v2\/types\/product"}],"replies":[{"embeddable":true,"href":"https:\/\/koraledetale.pl\/index.php?rest_route=%2Fwp%2Fv2%2Fcomments&post=1407"}],"wp:featuredmedia":[{"embeddable":true,"href":"https:\/\/koraledetale.pl\/index.php?rest_route=\/wp\/v2\/media\/1373"}],"wp:attachment":[{"href":"https:\/\/koraledetale.pl\/index.php?rest_route=%2Fwp%2Fv2%2Fmedia&parent=1407"}],"wp:term":[{"taxonomy":"product_brand","embeddable":true,"href":"https:\/\/koraledetale.pl\/index.php?rest_route=%2Fwp%2Fv2%2Fproduct_brand&post=1407"},{"taxonomy":"product_cat","embeddable":true,"href":"https:\/\/koraledetale.pl\/index.php?rest_route=%2Fwp%2Fv2%2Fproduct_cat&post=1407"},{"taxonomy":"product_tag","embeddable":true,"href":"https:\/\/koraledetale.pl\/index.php?rest_route=%2Fwp%2Fv2%2Fproduct_tag&post=1407"}],"curies":[{"name":"wp","href":"https:\/\/api.w.org\/{rel}","templated":true}]}}