{"id":1403,"date":"2021-10-13T11:37:55","date_gmt":"2021-10-13T11:37:55","guid":{"rendered":"https:\/\/koraledetale.pl\/?post_type=product&#038;p=1403"},"modified":"2024-11-11T20:49:24","modified_gmt":"2024-11-11T20:49:24","slug":"pierscionek-hamsa-na-koralu","status":"publish","type":"product","link":"https:\/\/koraledetale.pl\/?product=pierscionek-hamsa-na-koralu","title":{"rendered":"Pier\u015bcionek HAMSA NA KORALU"},"content":{"rendered":"<p>Wielko\u015b\u0107 kamieni:<\/p>\n<ul>\n<li>koral \u2013 2,5 mm,<\/li>\n<li>hematyt \u2013 2 mm.<\/li>\n<\/ul>\n<p>Rozmiar zawieszki \u2013 12\u00d77 mm.<\/p>\n<p>Rozmiar pier\u015bcionka \u2013 14-15. Mo\u017cliwe jest zam\u00f3wienie pier\u015bcionka w innym rozmiarze \u2013 napisz w uwagach do zam\u00f3wienia jaki rozmiar Ci\u0119 interesuje.<\/p>\n","protected":false},"excerpt":{"rendered":"<p>Elastyczny pier\u015bcionek z g\u0142adkich kuleczek naturalnego koralu z \u0142a\u0144cuszkiem i zawieszk\u0105 \u2013 hams\u0105.\u00a0 Wszystkie elementy metalowe wykonane s\u0105 ze stali chirurgicznej (szlachetnej).<\/p>\n","protected":false},"featured_media":1374,"comment_status":"open","ping_status":"closed","template":"","meta":{"advanced_seo_description":"","jetpack_seo_html_title":"","jetpack_seo_noindex":false},"product_brand":[],"product_cat":[229],"product_tag":[314,569,33,82,570,31],"class_list":{"0":"post-1403","1":"product","2":"type-product","3":"status-publish","4":"has-post-thumbnail","6":"product_cat-sprzedane","7":"product_tag-elastyczny-pierscionek-z-kamieniami-naturalnymi","8":"product_tag-elastyczny-pierscionek-z-zawieszka","9":"product_tag-hamsa","10":"product_tag-koral","11":"product_tag-pierscionek-z-hamsa-i-koralem","12":"product_tag-zloty-hematyt","14":"first","15":"outofstock","16":"shipping-taxable","17":"product-type-simple"},"jetpack_sharing_enabled":true,"_links":{"self":[{"href":"https:\/\/koraledetale.pl\/index.php?rest_route=\/wp\/v2\/product\/1403","targetHints":{"allow":["GET"]}}],"collection":[{"href":"https:\/\/koraledetale.pl\/index.php?rest_route=\/wp\/v2\/product"}],"about":[{"href":"https:\/\/koraledetale.pl\/index.php?rest_route=\/wp\/v2\/types\/product"}],"replies":[{"embeddable":true,"href":"https:\/\/koraledetale.pl\/index.php?rest_route=%2Fwp%2Fv2%2Fcomments&post=1403"}],"wp:featuredmedia":[{"embeddable":true,"href":"https:\/\/koraledetale.pl\/index.php?rest_route=\/wp\/v2\/media\/1374"}],"wp:attachment":[{"href":"https:\/\/koraledetale.pl\/index.php?rest_route=%2Fwp%2Fv2%2Fmedia&parent=1403"}],"wp:term":[{"taxonomy":"product_brand","embeddable":true,"href":"https:\/\/koraledetale.pl\/index.php?rest_route=%2Fwp%2Fv2%2Fproduct_brand&post=1403"},{"taxonomy":"product_cat","embeddable":true,"href":"https:\/\/koraledetale.pl\/index.php?rest_route=%2Fwp%2Fv2%2Fproduct_cat&post=1403"},{"taxonomy":"product_tag","embeddable":true,"href":"https:\/\/koraledetale.pl\/index.php?rest_route=%2Fwp%2Fv2%2Fproduct_tag&post=1403"}],"curies":[{"name":"wp","href":"https:\/\/api.w.org\/{rel}","templated":true}]}}