{"id":1395,"date":"2021-10-13T11:09:45","date_gmt":"2021-10-13T11:09:45","guid":{"rendered":"https:\/\/koraledetale.pl\/?post_type=product&#038;p=1395"},"modified":"2024-11-11T20:49:56","modified_gmt":"2024-11-11T20:49:56","slug":"1395","status":"publish","type":"product","link":"https:\/\/koraledetale.pl\/?product=1395","title":{"rendered":"Pier\u015bcionek z rodochrozytami i lapis lazuri"},"content":{"rendered":"<p>Wielko\u015b\u0107 kamieni:<\/p>\n<ul>\n<li>rodochrozyt \u2013 2,5 mm,<\/li>\n<li>lapis lazuri \u2013 3,5 mm,<\/li>\n<li>hematyt \u2013 2 mm.<\/li>\n<\/ul>\n<p>Rozmiar pier\u015bcionka \u2013 14.<\/p>\n","protected":false},"excerpt":{"rendered":"<p>Pier\u015bcionek na elastycznej \u017cy\u0142ce jubilerskiej z naturalnymi kamieniami: rodochrozytami i z\u0142otymi hematytami, z kontrastuj\u0105cym lapis lazuri w centrum.<\/p>\n","protected":false},"featured_media":1382,"comment_status":"open","ping_status":"closed","template":"","meta":{"advanced_seo_description":"","jetpack_seo_html_title":"","jetpack_seo_noindex":false},"product_brand":[],"product_cat":[229],"product_tag":[81,566,565,545,31],"class_list":{"0":"post-1395","1":"product","2":"type-product","3":"status-publish","4":"has-post-thumbnail","6":"product_cat-sprzedane","7":"product_tag-lapis-lazuri","8":"product_tag-pierscionek-elastyczny-z-rodochrozytow-i-lapis-lazuri","9":"product_tag-pierscionek-na-gumce-z-kamieniami-naturalnymi","10":"product_tag-rodochrozyt","11":"product_tag-zloty-hematyt","13":"first","14":"outofstock","15":"shipping-taxable","16":"product-type-simple"},"jetpack_sharing_enabled":true,"_links":{"self":[{"href":"https:\/\/koraledetale.pl\/index.php?rest_route=\/wp\/v2\/product\/1395","targetHints":{"allow":["GET"]}}],"collection":[{"href":"https:\/\/koraledetale.pl\/index.php?rest_route=\/wp\/v2\/product"}],"about":[{"href":"https:\/\/koraledetale.pl\/index.php?rest_route=\/wp\/v2\/types\/product"}],"replies":[{"embeddable":true,"href":"https:\/\/koraledetale.pl\/index.php?rest_route=%2Fwp%2Fv2%2Fcomments&post=1395"}],"wp:featuredmedia":[{"embeddable":true,"href":"https:\/\/koraledetale.pl\/index.php?rest_route=\/wp\/v2\/media\/1382"}],"wp:attachment":[{"href":"https:\/\/koraledetale.pl\/index.php?rest_route=%2Fwp%2Fv2%2Fmedia&parent=1395"}],"wp:term":[{"taxonomy":"product_brand","embeddable":true,"href":"https:\/\/koraledetale.pl\/index.php?rest_route=%2Fwp%2Fv2%2Fproduct_brand&post=1395"},{"taxonomy":"product_cat","embeddable":true,"href":"https:\/\/koraledetale.pl\/index.php?rest_route=%2Fwp%2Fv2%2Fproduct_cat&post=1395"},{"taxonomy":"product_tag","embeddable":true,"href":"https:\/\/koraledetale.pl\/index.php?rest_route=%2Fwp%2Fv2%2Fproduct_tag&post=1395"}],"curies":[{"name":"wp","href":"https:\/\/api.w.org\/{rel}","templated":true}]}}