{"id":1336,"date":"2021-10-03T13:37:14","date_gmt":"2021-10-03T13:37:14","guid":{"rendered":"https:\/\/koraledetale.pl\/?post_type=product&#038;p=1336"},"modified":"2024-11-11T20:51:07","modified_gmt":"2024-11-11T20:51:07","slug":"1336","status":"publish","type":"product","link":"https:\/\/koraledetale.pl\/?product=1336","title":{"rendered":"\u0141a\u0144cuch z turmalinami i per\u0142ami"},"content":{"rendered":"<p>Wielko\u015b\u0107 kamieni:<\/p>\n<ul>\n<li>turmalin &#8211; 4 mm,<\/li>\n<li>per\u0142a &#8211; 6&#215;5 mm,<\/li>\n<li>hematyt &#8211; 3,5&#215;2,5 mm i 2 mm.<\/li>\n<\/ul>\n<p>Wielko\u015b\u0107 oczek \u0142a\u0144cuszka &#8211; 2,7 x ,07 cm.<\/p>\n<p>Wielko\u015b\u0107 serca &#8211; 3,2 x 3,8 cm.<\/p>\n<p>D\u0142ugo\u015b\u0107 naszyjnika &#8211; 89 cm.<\/p>\n","protected":false},"excerpt":{"rendered":"<p>D\u0142ugi naszyjnik z piwnych turmalin\u00f3w przeplatanych br\u0105zowymi per\u0142ami i z\u0142otymi hematytami, po\u0142\u0105czonych z \u0142a\u0144cuchem o du\u017cych oczkach. Naszyjnik jest na tyle d\u0142ugi by owin\u0105\u0107 go dwa razy wok\u00f3\u0142 szyi, \u017ceby powsta\u0142y dwa kr\u00f3tsze naszyjniki. Du\u017ce, kute serce znajduje si\u0119 z boku naszyjnika d\u0142ugiego, lub po\u015brodku podw\u00f3jnego naszyjnika. Wszystkie elementy metalowe wykonane s\u0105 z nieuczulaj\u0105cej stali chirurgicznej (szlachetnej).<\/p>\n","protected":false},"featured_media":1340,"comment_status":"open","ping_status":"closed","template":"","meta":{"advanced_seo_description":"","jetpack_seo_html_title":"","jetpack_seo_noindex":false},"product_brand":[],"product_cat":[229],"product_tag":[552,550,551,497,36,37,104],"class_list":{"0":"post-1336","1":"product","2":"type-product","3":"status-publish","4":"has-post-thumbnail","6":"product_cat-sprzedane","7":"product_tag-brazowa-perla","8":"product_tag-dlugi-naszyjnik-z-turmalinami-i-perlami","9":"product_tag-piwny-turmalin","10":"product_tag-podwojny-naszyjnik-z-kamieniami-naturalnymi","11":"product_tag-stal-chirurgiczna","12":"product_tag-stal-szlachetna","13":"product_tag-lancuch","15":"first","16":"outofstock","17":"shipping-taxable","18":"product-type-simple"},"jetpack_sharing_enabled":true,"_links":{"self":[{"href":"https:\/\/koraledetale.pl\/index.php?rest_route=\/wp\/v2\/product\/1336","targetHints":{"allow":["GET"]}}],"collection":[{"href":"https:\/\/koraledetale.pl\/index.php?rest_route=\/wp\/v2\/product"}],"about":[{"href":"https:\/\/koraledetale.pl\/index.php?rest_route=\/wp\/v2\/types\/product"}],"replies":[{"embeddable":true,"href":"https:\/\/koraledetale.pl\/index.php?rest_route=%2Fwp%2Fv2%2Fcomments&post=1336"}],"wp:featuredmedia":[{"embeddable":true,"href":"https:\/\/koraledetale.pl\/index.php?rest_route=\/wp\/v2\/media\/1340"}],"wp:attachment":[{"href":"https:\/\/koraledetale.pl\/index.php?rest_route=%2Fwp%2Fv2%2Fmedia&parent=1336"}],"wp:term":[{"taxonomy":"product_brand","embeddable":true,"href":"https:\/\/koraledetale.pl\/index.php?rest_route=%2Fwp%2Fv2%2Fproduct_brand&post=1336"},{"taxonomy":"product_cat","embeddable":true,"href":"https:\/\/koraledetale.pl\/index.php?rest_route=%2Fwp%2Fv2%2Fproduct_cat&post=1336"},{"taxonomy":"product_tag","embeddable":true,"href":"https:\/\/koraledetale.pl\/index.php?rest_route=%2Fwp%2Fv2%2Fproduct_tag&post=1336"}],"curies":[{"name":"wp","href":"https:\/\/api.w.org\/{rel}","templated":true}]}}