{"id":1327,"date":"2021-10-01T10:15:19","date_gmt":"2021-10-01T10:15:19","guid":{"rendered":"https:\/\/koraledetale.pl\/?post_type=product&#038;p=1327"},"modified":"2024-11-11T15:28:09","modified_gmt":"2024-11-11T15:28:09","slug":"bransoletka-z-rodochrozytem-i-lapis-lazuri","status":"publish","type":"product","link":"https:\/\/koraledetale.pl\/?product=bransoletka-z-rodochrozytem-i-lapis-lazuri","title":{"rendered":"Bransoletka z rodochrozytem i lapis lazuri"},"content":{"rendered":"<p>Wielko\u015b\u0107 kamieni:<\/p>\n<ul>\n<li>rodochrozyt \u2013 2,5 mm,<\/li>\n<li>lapis lazuri \u2013 3,5 mm,<\/li>\n<li>hematyt \u2013 2 mm, 2,5\u00d71 mm, 2\u00d75 mm.<\/li>\n<\/ul>\n<p>D\u0142ugo\u015b\u0107 bransoletki: 16 &#8211; 18,5 cm.<\/p>\n","protected":false},"excerpt":{"rendered":"<p>Bransoletka z drobnych rodochrozyt\u00f3w przeplatanych z\u0142otymi hematytami, z kontrastuj\u0105cym lapis lazuri w centrum. Kamienie zasupe\u0142kowane s\u0105 na mocnej, r\u00f3\u017cowej nici jubilerskiej. Zapi\u0119cie i przed\u0142u\u017cka wykonane s\u0105 z nieuczulaj\u0105cej stali chirurgicznej (szlachetnej).<\/p>\n","protected":false},"featured_media":1322,"comment_status":"open","ping_status":"closed","template":"","meta":{"advanced_seo_description":"","jetpack_seo_html_title":"","jetpack_seo_noindex":false},"product_brand":[],"product_cat":[229],"product_tag":[547,546,81,545,36,37,31],"class_list":{"0":"post-1327","1":"product","2":"type-product","3":"status-publish","4":"has-post-thumbnail","6":"product_cat-sprzedane","7":"product_tag-bransoletka-z-drobnych-kamieni-naturalnych","8":"product_tag-bransoletka-z-rodochrozytow-i-lapis-lazuri","9":"product_tag-lapis-lazuri","10":"product_tag-rodochrozyt","11":"product_tag-stal-chirurgiczna","12":"product_tag-stal-szlachetna","13":"product_tag-zloty-hematyt","15":"first","16":"outofstock","17":"shipping-taxable","18":"product-type-simple"},"jetpack_sharing_enabled":true,"_links":{"self":[{"href":"https:\/\/koraledetale.pl\/index.php?rest_route=\/wp\/v2\/product\/1327","targetHints":{"allow":["GET"]}}],"collection":[{"href":"https:\/\/koraledetale.pl\/index.php?rest_route=\/wp\/v2\/product"}],"about":[{"href":"https:\/\/koraledetale.pl\/index.php?rest_route=\/wp\/v2\/types\/product"}],"replies":[{"embeddable":true,"href":"https:\/\/koraledetale.pl\/index.php?rest_route=%2Fwp%2Fv2%2Fcomments&post=1327"}],"wp:featuredmedia":[{"embeddable":true,"href":"https:\/\/koraledetale.pl\/index.php?rest_route=\/wp\/v2\/media\/1322"}],"wp:attachment":[{"href":"https:\/\/koraledetale.pl\/index.php?rest_route=%2Fwp%2Fv2%2Fmedia&parent=1327"}],"wp:term":[{"taxonomy":"product_brand","embeddable":true,"href":"https:\/\/koraledetale.pl\/index.php?rest_route=%2Fwp%2Fv2%2Fproduct_brand&post=1327"},{"taxonomy":"product_cat","embeddable":true,"href":"https:\/\/koraledetale.pl\/index.php?rest_route=%2Fwp%2Fv2%2Fproduct_cat&post=1327"},{"taxonomy":"product_tag","embeddable":true,"href":"https:\/\/koraledetale.pl\/index.php?rest_route=%2Fwp%2Fv2%2Fproduct_tag&post=1327"}],"curies":[{"name":"wp","href":"https:\/\/api.w.org\/{rel}","templated":true}]}}