{"id":1306,"date":"2021-09-30T08:12:51","date_gmt":"2021-09-30T08:12:51","guid":{"rendered":"https:\/\/koraledetale.pl\/?post_type=product&#038;p=1306"},"modified":"2024-11-11T15:28:40","modified_gmt":"2024-11-11T15:28:40","slug":"1306","status":"publish","type":"product","link":"https:\/\/koraledetale.pl\/?product=1306","title":{"rendered":"Regulowany naszyjnik z granatami"},"content":{"rendered":"<p>Wielko\u015b\u0107 kamieni:<\/p>\n<ul>\n<li>granat &#8211; 3 mm, przy zawieszce &#8211; 9&#215;6 mm,<\/li>\n<li>hematyt &#8211; 2 mm i 2&#215;1 mm.<\/li>\n<\/ul>\n<p>D\u0142ugo\u015b\u0107 naszyjnika do 68 cm + zawieszka 1,5 cm.<\/p>\n","protected":false},"excerpt":{"rendered":"<p>Regulowany naszyjnik ze szlifowanymi granatami w kolorze czerwonego wina, przeplatanymi z\u0142otymi hematytami, z zawieszk\u0105 \u2013 kropl\u0105 grantu. Dzi\u0119ki \u0142atwej regulacji, naszyjnik mo\u017ce by\u0107 noszony jako kr\u00f3tki lub \u015bredniej d\u0142ugo\u015bci, w zale\u017cno\u015bci od potrzeb. Mocne nici jubilerskie zapewni\u0105 naszyjnikowi wytrzyma\u0142o\u015b\u0107.<\/p>\n","protected":false},"featured_media":1311,"comment_status":"open","ping_status":"closed","template":"","meta":{"advanced_seo_description":"","jetpack_seo_html_title":"","jetpack_seo_noindex":false},"product_brand":[],"product_cat":[229],"product_tag":[71,540,66,541,31],"class_list":{"0":"post-1306","1":"product","2":"type-product","3":"status-publish","4":"has-post-thumbnail","6":"product_cat-sprzedane","7":"product_tag-granat","8":"product_tag-naszyjnik-z-granatami","9":"product_tag-naszyjnik-z-kamieniami-naturalnymi","10":"product_tag-regulowany-naszyjnik-z-kamieniami-naturalnymi","11":"product_tag-zloty-hematyt","13":"first","14":"outofstock","15":"shipping-taxable","16":"product-type-simple"},"jetpack_sharing_enabled":true,"_links":{"self":[{"href":"https:\/\/koraledetale.pl\/index.php?rest_route=\/wp\/v2\/product\/1306","targetHints":{"allow":["GET"]}}],"collection":[{"href":"https:\/\/koraledetale.pl\/index.php?rest_route=\/wp\/v2\/product"}],"about":[{"href":"https:\/\/koraledetale.pl\/index.php?rest_route=\/wp\/v2\/types\/product"}],"replies":[{"embeddable":true,"href":"https:\/\/koraledetale.pl\/index.php?rest_route=%2Fwp%2Fv2%2Fcomments&post=1306"}],"wp:featuredmedia":[{"embeddable":true,"href":"https:\/\/koraledetale.pl\/index.php?rest_route=\/wp\/v2\/media\/1311"}],"wp:attachment":[{"href":"https:\/\/koraledetale.pl\/index.php?rest_route=%2Fwp%2Fv2%2Fmedia&parent=1306"}],"wp:term":[{"taxonomy":"product_brand","embeddable":true,"href":"https:\/\/koraledetale.pl\/index.php?rest_route=%2Fwp%2Fv2%2Fproduct_brand&post=1306"},{"taxonomy":"product_cat","embeddable":true,"href":"https:\/\/koraledetale.pl\/index.php?rest_route=%2Fwp%2Fv2%2Fproduct_cat&post=1306"},{"taxonomy":"product_tag","embeddable":true,"href":"https:\/\/koraledetale.pl\/index.php?rest_route=%2Fwp%2Fv2%2Fproduct_tag&post=1306"}],"curies":[{"name":"wp","href":"https:\/\/api.w.org\/{rel}","templated":true}]}}