{"id":1304,"date":"2021-09-29T09:48:35","date_gmt":"2021-09-29T09:48:35","guid":{"rendered":"https:\/\/koraledetale.pl\/?post_type=product&#038;p=1304"},"modified":"2024-11-11T15:28:48","modified_gmt":"2024-11-11T15:28:48","slug":"bransoletka-z-hematytami","status":"publish","type":"product","link":"https:\/\/koraledetale.pl\/?product=bransoletka-z-hematytami","title":{"rendered":"Bransoletka z hematytami"},"content":{"rendered":"<p>Wielko\u015b\u0107 kamieni:<\/p>\n<ul>\n<li>grafitowe hematyty \u2013 3,5 mm i 2 mm,<\/li>\n<li>z\u0142ote hematyty \u2013 2\u00d71 mm i 2 mm.<\/li>\n<\/ul>\n<p>D\u0142ugo\u015b\u0107 bransoletki: do 21 cm.<\/p>\n","protected":false},"excerpt":{"rendered":"<p>Regulowana bransoletka ze szlifowanymi hematytami w grafitowym kolorze, przeplatanymi z\u0142otymi hematytami. Dzi\u0119ki \u0142atwej regulacji, bransoletka dopasuje si\u0119 do ka\u017cdego nadgarstka. Mocne nici jubilerskie zapewni\u0105 bransoletce wytrzyma\u0142o\u015b\u0107.<\/p>\n","protected":false},"featured_media":1298,"comment_status":"open","ping_status":"closed","template":"","meta":{"advanced_seo_description":"","jetpack_seo_html_title":"","jetpack_seo_noindex":false},"product_brand":[],"product_cat":[229],"product_tag":[80,539,67,538,31],"class_list":{"0":"post-1304","1":"product","2":"type-product","3":"status-publish","4":"has-post-thumbnail","6":"product_cat-sprzedane","7":"product_tag-bransoletka-z-kamieniami-naturalnymi","8":"product_tag-delikatna-bransoletka-na-mocnym-sznurku","9":"product_tag-hematyt","10":"product_tag-regulowana-bransoletka-z-hematytami","11":"product_tag-zloty-hematyt","13":"first","14":"outofstock","15":"shipping-taxable","16":"product-type-simple"},"jetpack_sharing_enabled":true,"_links":{"self":[{"href":"https:\/\/koraledetale.pl\/index.php?rest_route=\/wp\/v2\/product\/1304","targetHints":{"allow":["GET"]}}],"collection":[{"href":"https:\/\/koraledetale.pl\/index.php?rest_route=\/wp\/v2\/product"}],"about":[{"href":"https:\/\/koraledetale.pl\/index.php?rest_route=\/wp\/v2\/types\/product"}],"replies":[{"embeddable":true,"href":"https:\/\/koraledetale.pl\/index.php?rest_route=%2Fwp%2Fv2%2Fcomments&post=1304"}],"wp:featuredmedia":[{"embeddable":true,"href":"https:\/\/koraledetale.pl\/index.php?rest_route=\/wp\/v2\/media\/1298"}],"wp:attachment":[{"href":"https:\/\/koraledetale.pl\/index.php?rest_route=%2Fwp%2Fv2%2Fmedia&parent=1304"}],"wp:term":[{"taxonomy":"product_brand","embeddable":true,"href":"https:\/\/koraledetale.pl\/index.php?rest_route=%2Fwp%2Fv2%2Fproduct_brand&post=1304"},{"taxonomy":"product_cat","embeddable":true,"href":"https:\/\/koraledetale.pl\/index.php?rest_route=%2Fwp%2Fv2%2Fproduct_cat&post=1304"},{"taxonomy":"product_tag","embeddable":true,"href":"https:\/\/koraledetale.pl\/index.php?rest_route=%2Fwp%2Fv2%2Fproduct_tag&post=1304"}],"curies":[{"name":"wp","href":"https:\/\/api.w.org\/{rel}","templated":true}]}}