{"id":1290,"date":"2021-09-28T13:17:56","date_gmt":"2021-09-28T13:17:56","guid":{"rendered":"https:\/\/koraledetale.pl\/?post_type=product&#038;p=1290"},"modified":"2024-11-11T15:29:22","modified_gmt":"2024-11-11T15:29:22","slug":"kolczyki-z-frenitem-i-rozowa-perla","status":"publish","type":"product","link":"https:\/\/koraledetale.pl\/?product=kolczyki-z-frenitem-i-rozowa-perla","title":{"rendered":"Kolczyki z frenitem i r\u00f3\u017cow\u0105 per\u0142\u0105"},"content":{"rendered":"<p>Wielko\u015b\u0107 kamieni:<\/p>\n<ul>\n<li>frenit &#8211; 10&#215;7 mm,<\/li>\n<li>per\u0142a &#8211; 4&#215;5 mm,<\/li>\n<li>hematyt &#8211; 3&#215;1 mm.<\/li>\n<\/ul>\n<p>D\u0142ugo\u015b\u0107 kolczyk\u00f3w &#8211; 3,7 cm.<\/p>\n","protected":false},"excerpt":{"rendered":"<p>Kolczyki z wa\u0142eczkami seledynowego frenitu, r\u00f3\u017cowej per\u0142y i z\u0142otych hematyt\u00f3w zawieszonych na ma\u0142ych k\u00f3\u0142kach. Wszystkie element metalowe wykonane s\u0105 ze stali chirurgicznej (szlachetnej).<\/p>\n","protected":false},"featured_media":1284,"comment_status":"open","ping_status":"closed","template":"","meta":{"advanced_seo_description":"","jetpack_seo_html_title":"","jetpack_seo_noindex":false},"product_brand":[],"product_cat":[229],"product_tag":[125,226,529,531,530,75,31],"class_list":{"0":"post-1290","1":"product","2":"type-product","3":"status-publish","4":"has-post-thumbnail","6":"product_cat-sprzedane","7":"product_tag-frenit","8":"product_tag-kolczyki-kolka","9":"product_tag-kolczyki-z-frenitem-i-rozowa-perla","10":"product_tag-kolczyki-ze-stali-szlachetenej","11":"product_tag-krotkie-kolczyki-ze-stali-chirurgicznej","12":"product_tag-rozowa-perla","13":"product_tag-zloty-hematyt","15":"first","16":"outofstock","17":"shipping-taxable","18":"product-type-simple"},"jetpack_sharing_enabled":true,"_links":{"self":[{"href":"https:\/\/koraledetale.pl\/index.php?rest_route=\/wp\/v2\/product\/1290","targetHints":{"allow":["GET"]}}],"collection":[{"href":"https:\/\/koraledetale.pl\/index.php?rest_route=\/wp\/v2\/product"}],"about":[{"href":"https:\/\/koraledetale.pl\/index.php?rest_route=\/wp\/v2\/types\/product"}],"replies":[{"embeddable":true,"href":"https:\/\/koraledetale.pl\/index.php?rest_route=%2Fwp%2Fv2%2Fcomments&post=1290"}],"wp:featuredmedia":[{"embeddable":true,"href":"https:\/\/koraledetale.pl\/index.php?rest_route=\/wp\/v2\/media\/1284"}],"wp:attachment":[{"href":"https:\/\/koraledetale.pl\/index.php?rest_route=%2Fwp%2Fv2%2Fmedia&parent=1290"}],"wp:term":[{"taxonomy":"product_brand","embeddable":true,"href":"https:\/\/koraledetale.pl\/index.php?rest_route=%2Fwp%2Fv2%2Fproduct_brand&post=1290"},{"taxonomy":"product_cat","embeddable":true,"href":"https:\/\/koraledetale.pl\/index.php?rest_route=%2Fwp%2Fv2%2Fproduct_cat&post=1290"},{"taxonomy":"product_tag","embeddable":true,"href":"https:\/\/koraledetale.pl\/index.php?rest_route=%2Fwp%2Fv2%2Fproduct_tag&post=1290"}],"curies":[{"name":"wp","href":"https:\/\/api.w.org\/{rel}","templated":true}]}}