{"id":1282,"date":"2021-09-28T13:09:24","date_gmt":"2021-09-28T13:09:24","guid":{"rendered":"https:\/\/koraledetale.pl\/?post_type=product&#038;p=1282"},"modified":"2024-11-11T15:29:52","modified_gmt":"2024-11-11T15:29:52","slug":"kolczyki-kobiecosc-z-rozowym-kwarcem","status":"publish","type":"product","link":"https:\/\/koraledetale.pl\/?product=kolczyki-kobiecosc-z-rozowym-kwarcem","title":{"rendered":"Kolczyki KOBIECO\u015a\u0106 z r\u00f3\u017cowym kwarcem"},"content":{"rendered":"<p>Wielko\u015b\u0107 kwarcu &#8211; 10 mm.<\/p>\n<p>D\u0142ugo\u015b\u0107 kolczyk\u00f3w &#8211; 3,3 cm.<\/p>\n","protected":false},"excerpt":{"rendered":"<p>Kolczyki z du\u017cym, g\u0142adkim r\u00f3\u017cowym kwarcem, zawieszonym na grubym k\u00f3\u0142eczku. Wszystkie elementy metalowe wykonane s\u0105 ze stali chirurgicznej (szlachetnej).<\/p>\n","protected":false},"featured_media":1287,"comment_status":"open","ping_status":"closed","template":"","meta":{"advanced_seo_description":"","jetpack_seo_html_title":"","jetpack_seo_noindex":false},"product_brand":[],"product_cat":[229],"product_tag":[226,532,108,530,216],"class_list":{"0":"post-1282","1":"product","2":"type-product","3":"status-publish","4":"has-post-thumbnail","6":"product_cat-sprzedane","7":"product_tag-kolczyki-kolka","8":"product_tag-kolczyki-z-rozowym-kwarcem","9":"product_tag-kolczyki-ze-stali-szlachetnej","10":"product_tag-krotkie-kolczyki-ze-stali-chirurgicznej","11":"product_tag-kwarc-rozowy","13":"first","14":"outofstock","15":"shipping-taxable","16":"product-type-simple"},"jetpack_sharing_enabled":true,"_links":{"self":[{"href":"https:\/\/koraledetale.pl\/index.php?rest_route=\/wp\/v2\/product\/1282","targetHints":{"allow":["GET"]}}],"collection":[{"href":"https:\/\/koraledetale.pl\/index.php?rest_route=\/wp\/v2\/product"}],"about":[{"href":"https:\/\/koraledetale.pl\/index.php?rest_route=\/wp\/v2\/types\/product"}],"replies":[{"embeddable":true,"href":"https:\/\/koraledetale.pl\/index.php?rest_route=%2Fwp%2Fv2%2Fcomments&post=1282"}],"wp:featuredmedia":[{"embeddable":true,"href":"https:\/\/koraledetale.pl\/index.php?rest_route=\/wp\/v2\/media\/1287"}],"wp:attachment":[{"href":"https:\/\/koraledetale.pl\/index.php?rest_route=%2Fwp%2Fv2%2Fmedia&parent=1282"}],"wp:term":[{"taxonomy":"product_brand","embeddable":true,"href":"https:\/\/koraledetale.pl\/index.php?rest_route=%2Fwp%2Fv2%2Fproduct_brand&post=1282"},{"taxonomy":"product_cat","embeddable":true,"href":"https:\/\/koraledetale.pl\/index.php?rest_route=%2Fwp%2Fv2%2Fproduct_cat&post=1282"},{"taxonomy":"product_tag","embeddable":true,"href":"https:\/\/koraledetale.pl\/index.php?rest_route=%2Fwp%2Fv2%2Fproduct_tag&post=1282"}],"curies":[{"name":"wp","href":"https:\/\/api.w.org\/{rel}","templated":true}]}}