{"id":1266,"date":"2021-09-22T11:54:15","date_gmt":"2021-09-22T11:54:15","guid":{"rendered":"https:\/\/koraledetale.pl\/?post_type=product&#038;p=1266"},"modified":"2024-11-11T15:30:26","modified_gmt":"2024-11-11T15:30:26","slug":"krotki-lancuszek-z-akwamarynem","status":"publish","type":"product","link":"https:\/\/koraledetale.pl\/?product=krotki-lancuszek-z-akwamarynem","title":{"rendered":"Kr\u00f3tki \u0142a\u0144cuszek z akwamarynem"},"content":{"rendered":"<p>Wielko\u015b\u0107 kamieni:<\/p>\n<ul>\n<li>akwamaryn \u2013 17x14x5 mm i 3 mm,<\/li>\n<li>hematyt \u2013 2 mm.<\/li>\n<\/ul>\n<p>\u015arednica wi\u0119kszego k\u00f3\u0142ka \u2013 20 mm.<\/p>\n<p>D\u0142ugo\u015b\u0107 \u0142a\u0144cuszka \u2013 40 cm + zawieszka z zapi\u0119ciem toggle 3 cm.<\/p>\n","protected":false},"excerpt":{"rendered":"<p>Fiku\u015bny, kr\u00f3tki \u0142a\u0144cuszek z owalnym akwamarynem, okr\u0105g\u0142ym elementem i zapi\u0119ciem typu toggle z przodu naszyjnika. Po boku \u0142a\u0144cuszka jest zawieszka z mniejszego akwamarynu i z\u0142otych hematyt\u00f3w. Wszystkie elementy metalowe wykonane s\u0105 z nieuczulaj\u0105cej stali chirurgicznej (szlachetnej).<\/p>\n","protected":false},"featured_media":1267,"comment_status":"open","ping_status":"closed","template":"","meta":{"advanced_seo_description":"","jetpack_seo_html_title":"","jetpack_seo_noindex":false},"product_brand":[],"product_cat":[229],"product_tag":[526,246,247,525],"class_list":{"0":"post-1266","1":"product","2":"type-product","3":"status-publish","4":"has-post-thumbnail","6":"product_cat-sprzedane","7":"product_tag-choker-z-akwamarynem","8":"product_tag-krotki-lancuszek-ze-stali-chirurgicznej","9":"product_tag-krotki-lancuszek-ze-stali-szlachetnej","10":"product_tag-lancuszek-z-akwamarynem","12":"first","13":"outofstock","14":"shipping-taxable","15":"product-type-simple"},"jetpack_sharing_enabled":true,"_links":{"self":[{"href":"https:\/\/koraledetale.pl\/index.php?rest_route=\/wp\/v2\/product\/1266","targetHints":{"allow":["GET"]}}],"collection":[{"href":"https:\/\/koraledetale.pl\/index.php?rest_route=\/wp\/v2\/product"}],"about":[{"href":"https:\/\/koraledetale.pl\/index.php?rest_route=\/wp\/v2\/types\/product"}],"replies":[{"embeddable":true,"href":"https:\/\/koraledetale.pl\/index.php?rest_route=%2Fwp%2Fv2%2Fcomments&post=1266"}],"wp:featuredmedia":[{"embeddable":true,"href":"https:\/\/koraledetale.pl\/index.php?rest_route=\/wp\/v2\/media\/1267"}],"wp:attachment":[{"href":"https:\/\/koraledetale.pl\/index.php?rest_route=%2Fwp%2Fv2%2Fmedia&parent=1266"}],"wp:term":[{"taxonomy":"product_brand","embeddable":true,"href":"https:\/\/koraledetale.pl\/index.php?rest_route=%2Fwp%2Fv2%2Fproduct_brand&post=1266"},{"taxonomy":"product_cat","embeddable":true,"href":"https:\/\/koraledetale.pl\/index.php?rest_route=%2Fwp%2Fv2%2Fproduct_cat&post=1266"},{"taxonomy":"product_tag","embeddable":true,"href":"https:\/\/koraledetale.pl\/index.php?rest_route=%2Fwp%2Fv2%2Fproduct_tag&post=1266"}],"curies":[{"name":"wp","href":"https:\/\/api.w.org\/{rel}","templated":true}]}}